{"id":1707,"date":"2024-09-08T15:57:32","date_gmt":"2024-09-08T15:57:32","guid":{"rendered":"https:\/\/musical.epfl.ch\/?page_id=1707"},"modified":"2025-10-05T13:01:16","modified_gmt":"2025-10-05T13:01:16","slug":"reservations","status":"publish","type":"page","link":"https:\/\/musical.epfl.ch\/fr\/local\/reservations\/","title":{"rendered":"R\u00e9servations"},"content":{"rendered":"<div data-elementor-type=\"wp-page\" data-elementor-id=\"1707\" class=\"elementor elementor-1707\">\n\t\t\t\t\t\t<section class=\"elementor-section elementor-top-section elementor-element elementor-element-d2cb128 elementor-section-content-middle elementor-section-boxed elementor-section-height-default elementor-section-height-default\" data-id=\"d2cb128\" data-element_type=\"section\">\n\t\t\t\t\t\t<div class=\"elementor-container elementor-column-gap-default\">\n\t\t\t\t\t<div class=\"elementor-column elementor-col-66 elementor-top-column elementor-element elementor-element-5408eb6\" data-id=\"5408eb6\" data-element_type=\"column\">\n\t\t\t<div class=\"elementor-widget-wrap elementor-element-populated\">\n\t\t\t\t\t\t<div class=\"elementor-element elementor-element-fa86545 elementor-widget elementor-widget-text-editor\" data-id=\"fa86545\" data-element_type=\"widget\" data-widget_type=\"text-editor.default\">\n\t\t\t\t<div class=\"elementor-widget-container\">\n\t\t\t<style>\/*! elementor - v3.21.0 - 18-04-2024 *\/\n.elementor-widget-text-editor.elementor-drop-cap-view-stacked .elementor-drop-cap{background-color:#69727d;color:#fff}.elementor-widget-text-editor.elementor-drop-cap-view-framed .elementor-drop-cap{color:#69727d;border:3px solid;background-color:transparent}.elementor-widget-text-editor:not(.elementor-drop-cap-view-default) .elementor-drop-cap{margin-top:8px}.elementor-widget-text-editor:not(.elementor-drop-cap-view-default) .elementor-drop-cap-letter{width:1em;height:1em}.elementor-widget-text-editor .elementor-drop-cap{float:left;text-align:center;line-height:1;font-size:50px}.elementor-widget-text-editor .elementor-drop-cap-letter{display:inline-block}<\/style>\t\t\t\t<p>Le local est mis \u00e0 disposition par MUSICAL pour les membres ayant pay\u00e9 leur cotisation. Merci d&#8217;utiliser <strong>les liens ci-contre<\/strong> pour r\u00e9server vos cr\u00e9neaux !<\/p>\n<p>La r\u00e9servation est soumise \u00e0 <strong>certaines r\u00e8gles<\/strong>, qui sont l\u00e0 pour permettre \u00e0 tout le monde d&#8217;avoir l&#8217;occasion de passer une r\u00e9servation et de jouer dans un local entretenu. Vous \u00eates pri\u00e9\u00b7e\u00b7s de les respecter, et le comit\u00e9 se r\u00e9serve le droit de <strong>r\u00e9voquer l&#8217;acc\u00e8s au local<\/strong> en cas d&#8217;abus.<\/p>\t\t\t\t\t\t<\/div>\n\t\t\t\t<\/div>\n\t\t\t\t\t<\/div>\n\t\t<\/div>\n\t\t\t\t<div class=\"elementor-column elementor-col-33 elementor-top-column elementor-element elementor-element-503cfff\" data-id=\"503cfff\" data-element_type=\"column\">\n\t\t\t<div class=\"elementor-widget-wrap elementor-element-populated\">\n\t\t\t\t\t\t<div class=\"elementor-element elementor-element-90c0aaa elementor-widget elementor-widget-text-editor\" data-id=\"90c0aaa\" data-element_type=\"widget\" data-widget_type=\"text-editor.default\">\n\t\t\t\t<div class=\"elementor-widget-container\">\n\t\t\t\t\t\t\t<h2>R\u00e9servez ici !<\/h2><p><span style=\"font-family: Roboto, sans-serif; font-size: 16px; font-style: normal; font-variant-ligatures: normal; font-variant-caps: normal; font-weight: 400;\">            <li>\r\n              <a href=\"https:\/\/docs.google.com\/spreadsheets\/d\/1EsAprVHiaBeOoYxA1KGYLcUHVRQ9Gj9IBzyV_z8xM20\/\">\r\n                Semaine du 13 Avril              <\/a>\r\n            <\/li>\r\n                        <li>\r\n              <a href=\"https:\/\/docs.google.com\/spreadsheets\/d\/1adJ8oIYtS-gRwbPxSoCj1Bctj6d1s2zY6pcedUwG-UY\/\">\r\n                Semaine du 20 Avril              <\/a>\r\n            <\/li>\r\n                        <li>\r\n              <a href=\"https:\/\/docs.google.com\/spreadsheets\/d\/1wtftujjZfJvn8ImRMCR9Z22Daeeoraz164rwjd5b7F8\/\">\r\n                Semaine du 27 Avril              <\/a>\r\n            <\/li>\r\n            <\/span><\/p><p>\u00a0<\/p>\t\t\t\t\t\t<\/div>\n\t\t\t\t<\/div>\n\t\t\t\t\t<\/div>\n\t\t<\/div>\n\t\t\t\t\t<\/div>\n\t\t<\/section>\n\t\t\t\t<section class=\"elementor-section elementor-top-section elementor-element elementor-element-f1aeb14 elementor-section-boxed elementor-section-height-default elementor-section-height-default\" data-id=\"f1aeb14\" data-element_type=\"section\">\n\t\t\t\t\t\t<div class=\"elementor-container elementor-column-gap-default\">\n\t\t\t\t\t<div class=\"elementor-column elementor-col-50 elementor-top-column elementor-element elementor-element-60947d1\" data-id=\"60947d1\" data-element_type=\"column\">\n\t\t\t<div class=\"elementor-widget-wrap elementor-element-populated\">\n\t\t\t\t\t\t<div class=\"elementor-element elementor-element-2b5c087 elementor-widget elementor-widget-text-editor\" data-id=\"2b5c087\" data-element_type=\"widget\" data-widget_type=\"text-editor.default\">\n\t\t\t\t<div class=\"elementor-widget-container\">\n\t\t\t\t\t\t\t<h1>R\u00e8gles de r\u00e9servation<\/h1><ul><li>Le local est r\u00e9servable par cr\u00e9neaux de 1 heure, chaque heure pleine.<\/li><li><strong>Du lundi au vendredi, seuls les groupes<\/strong> peuvent r\u00e9server les cr\u00e9neaux de 18h00 \u00e0 00h00.<\/li><li><span style=\"text-decoration: underline;\"><strong>Pour les groupes<\/strong><\/span>, la r\u00e9servation peut \u00eatre faite jusqu&#8217;\u00e0 <strong>2 semaines en avance<\/strong>, avec un maxiumum de <strong>3 heures par semaine<\/strong>. Merci de contacter le comit\u00e9 si plus d&#8217;heures sont n\u00e9cessaires.<\/li><li><span style=\"text-decoration: underline;\"><strong>Les Discovery Members<\/strong><\/span> peuvent r\u00e9server le local uniquement pendant les cr\u00e9neaux qui leur sont attribu\u00e9s (<strong>de 8h \u00e0 14h, les jeudis et dimanches<\/strong>). Ils doivent jouer en groupes d&#8217;au moins deux personnes et les r\u00e9servations doivent \u00eatre effectu\u00e9es <strong>par l&#8217;interm\u00e9diaire du mod\u00e9rateur<\/strong>.<\/li><li><span style=\"text-decoration: underline;\"><strong>Pour les membres solo<\/strong><\/span>, la r\u00e9servation peut \u00eatre faite <strong>jusqu&#8217;\u00e0 24h en avance<\/strong>, sans limite de dur\u00e9e. Le comit\u00e9 peut <strong>exceptionnellement<\/strong> autoriser les r\u00e9servations entre 18h et minuit, au cas-par-cas. Les membres solo ne peuvent pas r\u00e9server le local pendant les cr\u00e9neaux Discovery.<\/li><li>Merci de ne pas abuser du syst\u00e8me (supprimer les r\u00e9servations d&#8217;autres, r\u00e9server tous les spots libres, etc.)<\/li><\/ul>\t\t\t\t\t\t<\/div>\n\t\t\t\t<\/div>\n\t\t\t\t\t<\/div>\n\t\t<\/div>\n\t\t\t\t<div class=\"elementor-column elementor-col-50 elementor-top-column elementor-element elementor-element-ef4002d\" data-id=\"ef4002d\" data-element_type=\"column\">\n\t\t\t<div class=\"elementor-widget-wrap elementor-element-populated\">\n\t\t\t\t\t\t<div class=\"elementor-element elementor-element-d72e9fe elementor-widget elementor-widget-text-editor\" data-id=\"d72e9fe\" data-element_type=\"widget\" data-widget_type=\"text-editor.default\">\n\t\t\t\t<div class=\"elementor-widget-container\">\n\t\t\t\t\t\t\t<h1>R\u00e8gles d&#8217;utilisation<\/h1><ul><li>Il est interdit d&#8217;utiliser le local sans r\u00e9servation et\/ou avec des personnes qui ne sont pas enregistr\u00e9es comme membres. <strong>MUSICAL d\u00e9cline toute responsabilit\u00e9 en cas de non-respect de cette r\u00e8gle<\/strong>.<\/li><li>Afin de garder le sol propre, <strong>il est interdit de boire dans des r\u00e9cipients ouverts et de manger dans le local<\/strong> \u2014 faites-le plut\u00f4t dehors\/devant l&#8217;entr\u00e9e. Les poubelles les plus proches se trouvent \u00e0 l&#8217;ext\u00e9rieur.<\/li><li>En partant, merci de remettre la clef <strong>dans la bo\u00eete \u00e0 clefs<\/strong> \u00e0 l&#8217;ext\u00e9rieur du local. C&#8217;est mieux de le faire m\u00eame si un autre groupe arrive avant votre d\u00e9part (surtout dans le cas de disparition de clefs ou de mat\u00e9riel).<\/li><li><strong>Rangez le mat\u00e9riel \u00e0 sa place attitr\u00e9e apr\u00e8s utilisation<\/strong> (guitares, pedalboards et c\u00e2bles derri\u00e8re le rideau ; micros et pieds de micro contre le mur). Il y a 20 autres groupes qui utilisent ce local, imaginez si tout le monde se mettait \u00e0 d\u00e9placer les choses !<\/li><\/ul>\t\t\t\t\t\t<\/div>\n\t\t\t\t<\/div>\n\t\t\t\t\t<\/div>\n\t\t<\/div>\n\t\t\t\t\t<\/div>\n\t\t<\/section>\n\t\t\t\t<section class=\"elementor-section elementor-top-section elementor-element elementor-element-7cdef15 elementor-section-boxed elementor-section-height-default elementor-section-height-default\" data-id=\"7cdef15\" data-element_type=\"section\">\n\t\t\t\t\t\t<div class=\"elementor-container elementor-column-gap-default\">\n\t\t\t\t\t<div class=\"elementor-column elementor-col-100 elementor-top-column elementor-element elementor-element-f68d237\" data-id=\"f68d237\" data-element_type=\"column\">\n\t\t\t<div class=\"elementor-widget-wrap elementor-element-populated\">\n\t\t\t\t\t\t<div class=\"elementor-element elementor-element-33860ae elementor-widget elementor-widget-spacer\" data-id=\"33860ae\" data-element_type=\"widget\" data-widget_type=\"spacer.default\">\n\t\t\t\t<div class=\"elementor-widget-container\">\n\t\t\t<style>\/*! elementor - v3.21.0 - 18-04-2024 *\/\n.elementor-column .elementor-spacer-inner{height:var(--spacer-size)}.e-con{--container-widget-width:100%}.e-con-inner>.elementor-widget-spacer,.e-con>.elementor-widget-spacer{width:var(--container-widget-width,var(--spacer-size));--align-self:var(--container-widget-align-self,initial);--flex-shrink:0}.e-con-inner>.elementor-widget-spacer>.elementor-widget-container,.e-con>.elementor-widget-spacer>.elementor-widget-container{height:100%;width:100%}.e-con-inner>.elementor-widget-spacer>.elementor-widget-container>.elementor-spacer,.e-con>.elementor-widget-spacer>.elementor-widget-container>.elementor-spacer{height:100%}.e-con-inner>.elementor-widget-spacer>.elementor-widget-container>.elementor-spacer>.elementor-spacer-inner,.e-con>.elementor-widget-spacer>.elementor-widget-container>.elementor-spacer>.elementor-spacer-inner{height:var(--container-widget-height,var(--spacer-size))}.e-con-inner>.elementor-widget-spacer.elementor-widget-empty,.e-con>.elementor-widget-spacer.elementor-widget-empty{position:relative;min-height:22px;min-width:22px}.e-con-inner>.elementor-widget-spacer.elementor-widget-empty .elementor-widget-empty-icon,.e-con>.elementor-widget-spacer.elementor-widget-empty .elementor-widget-empty-icon{position:absolute;top:0;bottom:0;left:0;right:0;margin:auto;padding:0;width:22px;height:22px}<\/style>\t\t<div class=\"elementor-spacer\">\n\t\t\t<div class=\"elementor-spacer-inner\"><\/div>\n\t\t<\/div>\n\t\t\t\t<\/div>\n\t\t\t\t<\/div>\n\t\t\t\t\t<\/div>\n\t\t<\/div>\n\t\t\t\t\t<\/div>\n\t\t<\/section>\n\t\t\t\t<section class=\"elementor-section elementor-top-section elementor-element elementor-element-bb13d2a elementor-section-boxed elementor-section-height-default elementor-section-height-default\" data-id=\"bb13d2a\" data-element_type=\"section\">\n\t\t\t\t\t\t<div class=\"elementor-container elementor-column-gap-default\">\n\t\t\t\t\t<div class=\"elementor-column elementor-col-100 elementor-top-column elementor-element elementor-element-3b380b6\" data-id=\"3b380b6\" data-element_type=\"column\">\n\t\t\t<div class=\"elementor-widget-wrap elementor-element-populated\">\n\t\t\t\t\t\t<div class=\"elementor-element elementor-element-1b87e8a cpel-switcher--align-right cpel-switcher--layout-horizontal cpel-switcher--aspect-ratio-43 elementor-widget elementor-widget-polylang-language-switcher\" data-id=\"1b87e8a\" data-element_type=\"widget\" data-widget_type=\"polylang-language-switcher.default\">\n\t\t\t\t<div class=\"elementor-widget-container\">\n\t\t\t<nav class=\"cpel-switcher__nav\"><ul class=\"cpel-switcher__list\"><li class=\"cpel-switcher__lang\"><a lang=\"en-GB\" hreflang=\"en-GB\" href=\"https:\/\/musical.epfl.ch\/en\/home\/\"><span class=\"cpel-switcher__flag cpel-switcher__flag--gb\"><img decoding=\"async\" src=\"data:image\/svg+xml;utf8,%3Csvg width='21' height='15' xmlns='http:\/\/www.w3.org\/2000\/svg'%3E%3Cdefs%3E%3ClinearGradient x1='50%' y1='0%' x2='50%' y2='100%' id='a'%3E%3Cstop stop-color='%23FFF' offset='0%'\/%3E%3Cstop stop-color='%23F0F0F0' offset='100%'\/%3E%3C\/linearGradient%3E%3ClinearGradient x1='50%' y1='0%' x2='50%' y2='100%' id='b'%3E%3Cstop stop-color='%230A17A7' offset='0%'\/%3E%3Cstop stop-color='%23030E88' offset='100%'\/%3E%3C\/linearGradient%3E%3ClinearGradient x1='50%' y1='0%' x2='50%' y2='100%' id='c'%3E%3Cstop stop-color='%23E6273E' offset='0%'\/%3E%3Cstop stop-color='%23CF152B' offset='100%'\/%3E%3C\/linearGradient%3E%3C\/defs%3E%3Cg fill='none' fill-rule='evenodd'%3E%3Cpath fill='url(%23a)' d='M0 0h21v15H0z'\/%3E%3Cpath fill='url(%23b)' d='M-.002 0h21v15h-21z'\/%3E%3Cpath d='M5.003 10H-.002V5h5.005L-2.082.22l1.118-1.657 8.962 6.045V-1h5v5.608l8.962-6.045L23.078.22 15.993 5h5.005v5h-5.005l7.085 4.78-1.118 1.657-8.962-6.045V16h-5v-5.608l-8.962 6.045-1.118-1.658L5.003 10z' fill='url(%23a)'\/%3E%3Cpath d='M14.136 4.958l9.5-6.25a.25.25 0 00-.275-.417l-9.5 6.25a.25.25 0 10.275.417zm.732 5.522l8.515 5.74a.25.25 0 10.28-.415l-8.516-5.74a.25.25 0 00-.279.415zM6.142 4.526L-2.74-1.461a.25.25 0 00-.28.415L5.863 4.94a.25.25 0 00.279-.414zm.685 5.469l-9.845 6.53a.25.25 0 10.276.416l9.846-6.529a.25.25 0 00-.277-.417z' fill='%23DB1F35' fill-rule='nonzero'\/%3E%3Cpath fill='url(%23c)' d='M-.002 9h9v6h3V9h9V6h-9V0h-3v6h-9z'\/%3E%3C\/g%3E%3C\/svg%3E\" alt=\"English\" \/><\/span><span class=\"cpel-switcher__code\">EN<\/span><\/a><\/li><\/ul><\/nav>\t\t<\/div>\n\t\t\t\t<\/div>\n\t\t\t\t\t<\/div>\n\t\t<\/div>\n\t\t\t\t\t<\/div>\n\t\t<\/section>\n\t\t\t\t<\/div>","protected":false},"excerpt":{"rendered":"<p>Le local est mis \u00e0 disposition par MUSICAL pour les membres ayant pay\u00e9 leur cotisation. Merci d&#8217;utiliser les liens ci-contre pour r\u00e9server vos cr\u00e9neaux ! &hellip;<\/p>","protected":false},"author":1,"featured_media":0,"parent":265,"menu_order":0,"comment_status":"closed","ping_status":"closed","template":"","meta":{"ngg_post_thumbnail":0,"footnotes":""},"class_list":["post-1707","page","type-page","status-publish","hentry"],"_links":{"self":[{"href":"https:\/\/musical.epfl.ch\/fr\/wp-json\/wp\/v2\/pages\/1707","targetHints":{"allow":["GET"]}}],"collection":[{"href":"https:\/\/musical.epfl.ch\/fr\/wp-json\/wp\/v2\/pages"}],"about":[{"href":"https:\/\/musical.epfl.ch\/fr\/wp-json\/wp\/v2\/types\/page"}],"author":[{"embeddable":true,"href":"https:\/\/musical.epfl.ch\/fr\/wp-json\/wp\/v2\/users\/1"}],"replies":[{"embeddable":true,"href":"https:\/\/musical.epfl.ch\/fr\/wp-json\/wp\/v2\/comments?post=1707"}],"version-history":[{"count":28,"href":"https:\/\/musical.epfl.ch\/fr\/wp-json\/wp\/v2\/pages\/1707\/revisions"}],"predecessor-version":[{"id":2435,"href":"https:\/\/musical.epfl.ch\/fr\/wp-json\/wp\/v2\/pages\/1707\/revisions\/2435"}],"up":[{"embeddable":true,"href":"https:\/\/musical.epfl.ch\/fr\/wp-json\/wp\/v2\/pages\/265"}],"wp:attachment":[{"href":"https:\/\/musical.epfl.ch\/fr\/wp-json\/wp\/v2\/media?parent=1707"}],"curies":[{"name":"wp","href":"https:\/\/api.w.org\/{rel}","templated":true}]}}