{"id":197,"date":"2017-09-26T19:31:15","date_gmt":"2017-09-26T19:31:15","guid":{"rendered":"http:\/\/musical.epfl.ch\/?page_id=197"},"modified":"2024-11-18T14:33:34","modified_gmt":"2024-11-18T14:33:34","slug":"jams","status":"publish","type":"page","link":"https:\/\/musical.epfl.ch\/fr\/projects\/jams\/","title":{"rendered":"Jam sessions"},"content":{"rendered":"<div data-elementor-type=\"wp-page\" data-elementor-id=\"197\" class=\"elementor elementor-197\">\n\t\t\t\t\t\t<section class=\"elementor-section elementor-top-section elementor-element elementor-element-4ef6b813 elementor-section-boxed elementor-section-height-default elementor-section-height-default\" data-id=\"4ef6b813\" data-element_type=\"section\">\n\t\t\t\t\t\t<div class=\"elementor-container elementor-column-gap-default\">\n\t\t\t\t\t<div class=\"elementor-column elementor-col-100 elementor-top-column elementor-element elementor-element-4c7ccd61\" data-id=\"4c7ccd61\" data-element_type=\"column\">\n\t\t\t<div class=\"elementor-widget-wrap elementor-element-populated\">\n\t\t\t\t\t\t<div class=\"elementor-element elementor-element-6e712bdc elementor-widget elementor-widget-text-editor\" data-id=\"6e712bdc\" data-element_type=\"widget\" data-widget_type=\"text-editor.default\">\n\t\t\t\t<div class=\"elementor-widget-container\">\n\t\t\t<style>\/*! elementor - v3.21.0 - 18-04-2024 *\/\n.elementor-widget-text-editor.elementor-drop-cap-view-stacked .elementor-drop-cap{background-color:#69727d;color:#fff}.elementor-widget-text-editor.elementor-drop-cap-view-framed .elementor-drop-cap{color:#69727d;border:3px solid;background-color:transparent}.elementor-widget-text-editor:not(.elementor-drop-cap-view-default) .elementor-drop-cap{margin-top:8px}.elementor-widget-text-editor:not(.elementor-drop-cap-view-default) .elementor-drop-cap-letter{width:1em;height:1em}.elementor-widget-text-editor .elementor-drop-cap{float:left;text-align:center;line-height:1;font-size:50px}.elementor-widget-text-editor .elementor-drop-cap-letter{display:inline-block}<\/style>\t\t\t\t<h4 style=\"text-align: center;\"><strong>Jam @ Satellite<\/strong><\/h4><p>Chaque premier lundi du mois a lieu la \u00ab Jam Sat \u00bb organis\u00e9e par <a href=\"https:\/\/satellite.bar\/\">Satellite<\/a> et Musical. Consultez les pages instagram de Musical et de Satellite pour plus d&#8217;informations. Un groupe joue \u00e0 chaque fois pour l&#8217;ouverture de la jam session : n&#8217;h\u00e9sitez pas \u00e0 faire monter votre groupe sur sc\u00e8ne afin de montrer vos talents \u00e0 la foule du bar pr\u00e9f\u00e9r\u00e9 de tous ! Il vous suffit de nous envoyer un mail pour y postuler.<\/p><h3>Localisation :<\/h3><p style=\"text-align: center;\"><iframe style=\"border: 0;\" src=\"https:\/\/www.google.com\/maps\/embed?pb=!1m18!1m12!1m3!1d2745.3711000591!2d6.565636315383695!3d46.52055797912762!2m3!1f0!2f0!3f0!3m2!1i1024!2i768!4f13.1!3m3!1m2!1s0x478c30fe037f5cfd%3A0xb8073a22dd435394!2sBar+Satellite!5e0!3m2!1sen!2sch!4v1543430516947\" width=\"600\" height=\"450\" frameborder=\"0\" allowfullscreen=\"allowfullscreen\"><\/iframe><\/p><h4>\u00a0<\/h4><h4 style=\"text-align: center;\"><strong>BananaJam (UniSon)<\/strong><\/h4><p>UniSon organise plusieurs jams chaque mois \u00e0 l\u2019UNIL. Ces jams permettent aux participants d&#8217;exercer leur talent de musicien et de rencontrer d&#8217;autres musiciens. C&#8217;est un excellent moyen de s&#8217;impliquer dans la sc\u00e8ne musicale de l&#8217;EPFL et de l&#8217;UNIL (et cela vous permet d&#8217;\u00e9vacuer votre stress d&#8217;une mani\u00e8re amusante et efficace !)<\/p><p>Le jam hebdomadaire d&#8217;UniSon est situ\u00e9e sous la biblioth\u00e8que de l&#8217;UNIL, dans la salle de musique en bas de l&#8217;entr\u00e9e de la section cin\u00e9ma du b\u00e2timent de l&#8217;Unith\u00e8que. Lors de cet \u00e9v\u00e9nement, vous pouvez participer \u00e0 deux jams distinctes : une jam amplifi\u00e9e, o\u00f9 il s&#8217;agit de groover, et une jam acoustique, o\u00f9 vous jouez et chantez sur des tubes populaires, tout en vous amusant. Renseignez-vous sur les dates de ces <i>jam sessions<\/i> directement aupr\u00e8s d\u2019UniSon.<\/p><h3>Jetez un coup d&#8217;<span class=\"BxUVEf ILfuVd\" lang=\"fr\"><span class=\"hgKElc\">\u0153il <\/span><\/span> aux Bananajams :<\/h3><p style=\"text-align: center;\"><iframe src=\"https:\/\/www.youtube.com\/embed\/x5tAvIWZop8\" width=\"640\" height=\"360\" frameborder=\"0\" allowfullscreen=\"allowfullscreen\" data-mce-fragment=\"1\"><\/iframe><\/p><h3>Localisation :<\/h3><p style=\"text-align: center;\"><iframe style=\"border: 0;\" src=\"https:\/\/www.google.com\/maps\/embed?pb=!1m18!1m12!1m3!1d1372.62780655216!2d6.578462658174721!3d46.522843494781924!2m3!1f0!2f0!3f0!3m2!1i1024!2i768!4f13.1!3m3!1m2!1s0x478c31acbe3cb83b%3A0xa1c144b404803ab9!2sBCUL+website+Unith%C3%A8que!5e0!3m2!1sen!2sch!4v1543430368929\" width=\"600\" height=\"450\" frameborder=\"0\" allowfullscreen=\"allowfullscreen\"><\/iframe><\/p><h3>Quelques photos :<\/h3><p><div id='gallery-1' class='gallery galleryid-197 gallery-columns-4 gallery-size-thumbnail'><figure class='gallery-item'>\n\t\t\t<div class='gallery-icon portrait'>\n\t\t\t\t<a href='https:\/\/musical.epfl.ch\/fr\/projects\/jams\/dsc_1170\/'><img decoding=\"async\" width=\"150\" height=\"150\" src=\"https:\/\/musical.epfl.ch\/wp-content\/uploads\/2017\/09\/DSC_1170-e1643567480618-150x150.jpg\" class=\"attachment-thumbnail size-thumbnail\" alt=\"\" \/><\/a>\n\t\t\t<\/div><\/figure><figure class='gallery-item'>\n\t\t\t<div class='gallery-icon landscape'>\n\t\t\t\t<a href='https:\/\/musical.epfl.ch\/fr\/projects\/jams\/dsc_1165-2\/'><img decoding=\"async\" width=\"150\" height=\"150\" src=\"https:\/\/musical.epfl.ch\/wp-content\/uploads\/2017\/09\/DSC_1165-2-150x150.jpg\" class=\"attachment-thumbnail size-thumbnail\" alt=\"\" srcset=\"https:\/\/musical.epfl.ch\/wp-content\/uploads\/2017\/09\/DSC_1165-2-150x150.jpg 150w, https:\/\/musical.epfl.ch\/wp-content\/uploads\/2017\/09\/DSC_1165-2-250x250.jpg 250w, https:\/\/musical.epfl.ch\/wp-content\/uploads\/2017\/09\/DSC_1165-2-174x174.jpg 174w\" sizes=\"(max-width: 150px) 100vw, 150px\" \/><\/a>\n\t\t\t<\/div><\/figure><figure class='gallery-item'>\n\t\t\t<div class='gallery-icon landscape'>\n\t\t\t\t<a href='https:\/\/musical.epfl.ch\/fr\/projects\/jams\/dsc_1161\/'><img decoding=\"async\" width=\"150\" height=\"150\" src=\"https:\/\/musical.epfl.ch\/wp-content\/uploads\/2017\/09\/DSC_1161-150x150.jpg\" class=\"attachment-thumbnail size-thumbnail\" alt=\"\" srcset=\"https:\/\/musical.epfl.ch\/wp-content\/uploads\/2017\/09\/DSC_1161-150x150.jpg 150w, https:\/\/musical.epfl.ch\/wp-content\/uploads\/2017\/09\/DSC_1161-250x250.jpg 250w, https:\/\/musical.epfl.ch\/wp-content\/uploads\/2017\/09\/DSC_1161-174x174.jpg 174w\" sizes=\"(max-width: 150px) 100vw, 150px\" \/><\/a>\n\t\t\t<\/div><\/figure><figure class='gallery-item'>\n\t\t\t<div class='gallery-icon portrait'>\n\t\t\t\t<a href='https:\/\/musical.epfl.ch\/fr\/projects\/jams\/dsc_1138\/'><img loading=\"lazy\" decoding=\"async\" width=\"150\" height=\"150\" src=\"https:\/\/musical.epfl.ch\/wp-content\/uploads\/2017\/09\/DSC_1138-e1643567580119-150x150.jpg\" class=\"attachment-thumbnail size-thumbnail\" alt=\"\" \/><\/a>\n\t\t\t<\/div><\/figure>\n\t\t<\/div>\n<\/p>\t\t\t\t\t\t<\/div>\n\t\t\t\t<\/div>\n\t\t\t\t\t<\/div>\n\t\t<\/div>\n\t\t\t\t\t<\/div>\n\t\t<\/section>\n\t\t\t\t<\/div>","protected":false},"excerpt":{"rendered":"<p>Jam @ Satellite Chaque premier lundi du mois a lieu la \u00ab Jam Sat \u00bb organis\u00e9e par Satellite et Musical. Consultez les pages instagram de &hellip;<\/p>","protected":false},"author":1,"featured_media":0,"parent":205,"menu_order":0,"comment_status":"closed","ping_status":"closed","template":"","meta":{"ngg_post_thumbnail":0,"footnotes":""},"class_list":["post-197","page","type-page","status-publish","hentry"],"_links":{"self":[{"href":"https:\/\/musical.epfl.ch\/fr\/wp-json\/wp\/v2\/pages\/197","targetHints":{"allow":["GET"]}}],"collection":[{"href":"https:\/\/musical.epfl.ch\/fr\/wp-json\/wp\/v2\/pages"}],"about":[{"href":"https:\/\/musical.epfl.ch\/fr\/wp-json\/wp\/v2\/types\/page"}],"author":[{"embeddable":true,"href":"https:\/\/musical.epfl.ch\/fr\/wp-json\/wp\/v2\/users\/1"}],"replies":[{"embeddable":true,"href":"https:\/\/musical.epfl.ch\/fr\/wp-json\/wp\/v2\/comments?post=197"}],"version-history":[{"count":36,"href":"https:\/\/musical.epfl.ch\/fr\/wp-json\/wp\/v2\/pages\/197\/revisions"}],"predecessor-version":[{"id":2183,"href":"https:\/\/musical.epfl.ch\/fr\/wp-json\/wp\/v2\/pages\/197\/revisions\/2183"}],"up":[{"embeddable":true,"href":"https:\/\/musical.epfl.ch\/fr\/wp-json\/wp\/v2\/pages\/205"}],"wp:attachment":[{"href":"https:\/\/musical.epfl.ch\/fr\/wp-json\/wp\/v2\/media?parent=197"}],"curies":[{"name":"wp","href":"https:\/\/api.w.org\/{rel}","templated":true}]}}