{"id":2463,"date":"2025-10-26T11:06:22","date_gmt":"2025-10-26T11:06:22","guid":{"rendered":"https:\/\/musical.epfl.ch\/?page_id=2463"},"modified":"2025-10-26T11:30:41","modified_gmt":"2025-10-26T11:30:41","slug":"notre-histoire","status":"publish","type":"page","link":"https:\/\/musical.epfl.ch\/fr\/notre-histoire\/","title":{"rendered":"Notre Histoire"},"content":{"rendered":"<div data-elementor-type=\"wp-page\" data-elementor-id=\"2463\" class=\"elementor elementor-2463\">\n\t\t\t\t\t\t<section class=\"elementor-section elementor-top-section elementor-element elementor-element-2d6630d elementor-section-boxed elementor-section-height-default elementor-section-height-default\" data-id=\"2d6630d\" data-element_type=\"section\">\n\t\t\t\t\t\t<div class=\"elementor-container elementor-column-gap-default\">\n\t\t\t\t\t<div class=\"elementor-column elementor-col-100 elementor-top-column elementor-element elementor-element-526a4a2\" data-id=\"526a4a2\" data-element_type=\"column\">\n\t\t\t<div class=\"elementor-widget-wrap elementor-element-populated\">\n\t\t\t\t\t\t<div class=\"elementor-element elementor-element-0bc04b9 elementor-widget elementor-widget-heading\" data-id=\"0bc04b9\" data-element_type=\"widget\" data-widget_type=\"heading.default\">\n\t\t\t\t<div class=\"elementor-widget-container\">\n\t\t\t<style>\/*! elementor - v3.21.0 - 18-04-2024 *\/\n.elementor-heading-title{padding:0;margin:0;line-height:1}.elementor-widget-heading .elementor-heading-title[class*=elementor-size-]>a{color:inherit;font-size:inherit;line-height:inherit}.elementor-widget-heading .elementor-heading-title.elementor-size-small{font-size:15px}.elementor-widget-heading .elementor-heading-title.elementor-size-medium{font-size:19px}.elementor-widget-heading .elementor-heading-title.elementor-size-large{font-size:29px}.elementor-widget-heading .elementor-heading-title.elementor-size-xl{font-size:39px}.elementor-widget-heading .elementor-heading-title.elementor-size-xxl{font-size:59px}<\/style><h2 class=\"elementor-heading-title elementor-size-default\">Nos anciens comit\u00e9s<\/h2>\t\t<\/div>\n\t\t\t\t<\/div>\n\t\t\t\t<div class=\"elementor-element elementor-element-9ea9930 elementor-arrows-position-inside elementor-pagination-position-outside elementor-widget elementor-widget-image-carousel\" data-id=\"9ea9930\" data-element_type=\"widget\" data-settings=\"{&quot;slides_to_show&quot;:&quot;1&quot;,&quot;navigation&quot;:&quot;both&quot;,&quot;autoplay&quot;:&quot;yes&quot;,&quot;pause_on_hover&quot;:&quot;yes&quot;,&quot;pause_on_interaction&quot;:&quot;yes&quot;,&quot;autoplay_speed&quot;:5000,&quot;infinite&quot;:&quot;yes&quot;,&quot;effect&quot;:&quot;slide&quot;,&quot;speed&quot;:500}\" data-widget_type=\"image-carousel.default\">\n\t\t\t\t<div class=\"elementor-widget-container\">\n\t\t\t<style>\/*! elementor - v3.21.0 - 18-04-2024 *\/\n.elementor-widget-image-carousel .swiper,.elementor-widget-image-carousel .swiper-container{position:static}.elementor-widget-image-carousel .swiper-container .swiper-slide figure,.elementor-widget-image-carousel .swiper .swiper-slide figure{line-height:inherit}.elementor-widget-image-carousel .swiper-slide{text-align:center}.elementor-image-carousel-wrapper:not(.swiper-container-initialized):not(.swiper-initialized) .swiper-slide{max-width:calc(100% \/ var(--e-image-carousel-slides-to-show, 3))}<\/style>\t\t<div class=\"elementor-image-carousel-wrapper swiper\" dir=\"ltr\">\n\t\t\t<div class=\"elementor-image-carousel swiper-wrapper\" aria-live=\"off\">\n\t\t\t\t\t\t\t\t<div class=\"swiper-slide\" role=\"group\" aria-roledescription=\"slide\" aria-label=\"1 sur 1\"><figure class=\"swiper-slide-inner\"><img decoding=\"async\" class=\"swiper-slide-image\" src=\"https:\/\/musical.epfl.ch\/wp-content\/uploads\/2024\/11\/P1080419-min-2-300x169.jpg\" alt=\"P1080419-min\" \/><\/figure><\/div>\t\t\t<\/div>\n\t\t\t\t\t<\/div>\n\t\t\t\t<\/div>\n\t\t\t\t<\/div>\n\t\t\t\t<div class=\"elementor-element elementor-element-4720244 elementor-widget elementor-widget-heading\" data-id=\"4720244\" data-element_type=\"widget\" data-widget_type=\"heading.default\">\n\t\t\t\t<div class=\"elementor-widget-container\">\n\t\t\t<h3 class=\"elementor-heading-title elementor-size-default\">Comit\u00e9 2024-2025<\/h3>\t\t<\/div>\n\t\t\t\t<\/div>\n\t\t\t\t\t<\/div>\n\t\t<\/div>\n\t\t\t\t\t<\/div>\n\t\t<\/section>\n\t\t\t\t<section class=\"elementor-section elementor-top-section elementor-element elementor-element-f1e2efe elementor-section-boxed elementor-section-height-default elementor-section-height-default\" data-id=\"f1e2efe\" data-element_type=\"section\">\n\t\t\t\t\t\t<div class=\"elementor-container elementor-column-gap-default\">\n\t\t\t\t\t<div class=\"elementor-column elementor-col-100 elementor-top-column elementor-element elementor-element-12f245b\" data-id=\"12f245b\" data-element_type=\"column\">\n\t\t\t<div class=\"elementor-widget-wrap elementor-element-populated\">\n\t\t\t\t\t\t<section class=\"elementor-section elementor-inner-section elementor-element elementor-element-945cfbd elementor-section-boxed elementor-section-height-default elementor-section-height-default\" data-id=\"945cfbd\" data-element_type=\"section\">\n\t\t\t\t\t\t<div class=\"elementor-container elementor-column-gap-default\">\n\t\t\t\t\t<div class=\"elementor-column elementor-col-50 elementor-inner-column elementor-element elementor-element-7f0b656\" data-id=\"7f0b656\" data-element_type=\"column\">\n\t\t\t<div class=\"elementor-widget-wrap elementor-element-populated\">\n\t\t\t\t\t\t<div class=\"elementor-element elementor-element-aed47b2 elementor-widget__width-initial elementor-widget elementor-widget-text-editor\" data-id=\"aed47b2\" data-element_type=\"widget\" data-widget_type=\"text-editor.default\">\n\t\t\t\t<div class=\"elementor-widget-container\">\n\t\t\t<style>\/*! elementor - v3.21.0 - 18-04-2024 *\/\n.elementor-widget-text-editor.elementor-drop-cap-view-stacked .elementor-drop-cap{background-color:#69727d;color:#fff}.elementor-widget-text-editor.elementor-drop-cap-view-framed .elementor-drop-cap{color:#69727d;border:3px solid;background-color:transparent}.elementor-widget-text-editor:not(.elementor-drop-cap-view-default) .elementor-drop-cap{margin-top:8px}.elementor-widget-text-editor:not(.elementor-drop-cap-view-default) .elementor-drop-cap-letter{width:1em;height:1em}.elementor-widget-text-editor .elementor-drop-cap{float:left;text-align:center;line-height:1;font-size:50px}.elementor-widget-text-editor .elementor-drop-cap-letter{display:inline-block}<\/style>\t\t\t\t<p style=\"text-align: center;\">Aristide Andrikopoulos &#8211; Copr\u00e9sident<\/p>\n<p style=\"text-align: center;\">Linkai Dai &#8211; Secr\u00e9taire G\u00e9n\u00e9ral<\/p>\n<div class=\"sptp-member-name\" style=\"text-align: center;\">Julien D\u00e9lez &#8211; Responsable Sponsoring<\/div>\n<div style=\"text-align: center;\">Lucie Zhou &#8211; Responsable Ev\u00e9nements<\/div>\n<div style=\"text-align: center;\">Hugo Stypa &#8211; Responsable Jam Sat<\/div>\n<div style=\"text-align: center;\">Johannes Waibel &#8211; Big Band &amp; Little Band<\/div>\n<div style=\"text-align: center;\">Alexei Thornber &#8211; Responsable Logistique<\/div>\n<div class=\"sptp-member-profession\" style=\"text-align: center;\">\n<p>Arnaud Buchel &#8211; Responsable Mat\u00e9riel<\/p>\n<p>Tarek Hamad &#8211; Responsable Communication<\/p>\n<p>Tony Andriamampianina &#8211; Community Manager<\/p>\n<p>Dina Mouden &#8211; Responsable Medias<\/p>\n<p>Anne-Mich\u00e8le Savoy &#8211; Big Band\u00a0<\/p>\n<\/div>\t\t\t\t\t\t<\/div>\n\t\t\t\t<\/div>\n\t\t\t\t\t<\/div>\n\t\t<\/div>\n\t\t\t\t<div class=\"elementor-column elementor-col-50 elementor-inner-column elementor-element elementor-element-c7abcdb\" data-id=\"c7abcdb\" data-element_type=\"column\">\n\t\t\t<div class=\"elementor-widget-wrap elementor-element-populated\">\n\t\t\t\t\t\t<div class=\"elementor-element elementor-element-80801d3 elementor-widget__width-initial elementor-widget elementor-widget-text-editor\" data-id=\"80801d3\" data-element_type=\"widget\" data-widget_type=\"text-editor.default\">\n\t\t\t\t<div class=\"elementor-widget-container\">\n\t\t\t\t\t\t\t<p style=\"text-align: center;\">Jonas Blanc &#8211; Copr\u00e9sident<\/p>\n<p style=\"text-align: center;\">Mathieu Ferrey &#8211; Tr\u00e9sorier<\/p>\n<p style=\"text-align: center;\">Xavier Groux &#8211; Responsable Ev\u00e9nements<\/p>\n<p style=\"text-align: center;\">Matteo Simonet &#8211; Responsable Ev\u00e9nements<\/p>\n<p style=\"text-align: center;\">Chlo\u00e9 Cartier &#8211; Ing\u00e9nieure Son<\/p>\n<p style=\"text-align: center;\">Nina Bodenstab &#8211; Webmaster<\/p>\n<p style=\"text-align: center;\">Pierre Kowalski &#8211; Responsable Logistique<\/p>\n<p style=\"text-align: center;\">Edson Bally &#8211; Responsable Local<\/p>\n<p style=\"text-align: center;\">Marine Ract &#8211; Graphiste<\/p>\n<p style=\"text-align: center;\">Emma Toutel &#8211; Graphiste<\/p>\n<p style=\"text-align: center;\">Seohkee Chung &#8211; Logistique Big Band<\/p>\n<p style=\"text-align: center;\">Cl\u00e9mence Bachmann &#8211; Ev\u00e9nements Big Band<\/p>\t\t\t\t\t\t<\/div>\n\t\t\t\t<\/div>\n\t\t\t\t\t<\/div>\n\t\t<\/div>\n\t\t\t\t\t<\/div>\n\t\t<\/section>\n\t\t\t\t<div class=\"elementor-element elementor-element-eeee72a elementor-widget elementor-widget-spacer\" data-id=\"eeee72a\" data-element_type=\"widget\" data-widget_type=\"spacer.default\">\n\t\t\t\t<div class=\"elementor-widget-container\">\n\t\t\t<style>\/*! elementor - v3.21.0 - 18-04-2024 *\/\n.elementor-column .elementor-spacer-inner{height:var(--spacer-size)}.e-con{--container-widget-width:100%}.e-con-inner>.elementor-widget-spacer,.e-con>.elementor-widget-spacer{width:var(--container-widget-width,var(--spacer-size));--align-self:var(--container-widget-align-self,initial);--flex-shrink:0}.e-con-inner>.elementor-widget-spacer>.elementor-widget-container,.e-con>.elementor-widget-spacer>.elementor-widget-container{height:100%;width:100%}.e-con-inner>.elementor-widget-spacer>.elementor-widget-container>.elementor-spacer,.e-con>.elementor-widget-spacer>.elementor-widget-container>.elementor-spacer{height:100%}.e-con-inner>.elementor-widget-spacer>.elementor-widget-container>.elementor-spacer>.elementor-spacer-inner,.e-con>.elementor-widget-spacer>.elementor-widget-container>.elementor-spacer>.elementor-spacer-inner{height:var(--container-widget-height,var(--spacer-size))}.e-con-inner>.elementor-widget-spacer.elementor-widget-empty,.e-con>.elementor-widget-spacer.elementor-widget-empty{position:relative;min-height:22px;min-width:22px}.e-con-inner>.elementor-widget-spacer.elementor-widget-empty .elementor-widget-empty-icon,.e-con>.elementor-widget-spacer.elementor-widget-empty .elementor-widget-empty-icon{position:absolute;top:0;bottom:0;left:0;right:0;margin:auto;padding:0;width:22px;height:22px}<\/style>\t\t<div class=\"elementor-spacer\">\n\t\t\t<div class=\"elementor-spacer-inner\"><\/div>\n\t\t<\/div>\n\t\t\t\t<\/div>\n\t\t\t\t<\/div>\n\t\t\t\t<div class=\"elementor-element elementor-element-4c76454 elementor-widget elementor-widget-heading\" data-id=\"4c76454\" data-element_type=\"widget\" data-widget_type=\"heading.default\">\n\t\t\t\t<div class=\"elementor-widget-container\">\n\t\t\t<h2 class=\"elementor-heading-title elementor-size-default\">Nos membres d'honneur<\/h2>\t\t<\/div>\n\t\t\t\t<\/div>\n\t\t\t\t<div class=\"elementor-element elementor-element-90fe137 elementor-widget elementor-widget-spacer\" data-id=\"90fe137\" data-element_type=\"widget\" data-widget_type=\"spacer.default\">\n\t\t\t\t<div class=\"elementor-widget-container\">\n\t\t\t\t\t<div class=\"elementor-spacer\">\n\t\t\t<div class=\"elementor-spacer-inner\"><\/div>\n\t\t<\/div>\n\t\t\t\t<\/div>\n\t\t\t\t<\/div>\n\t\t\t\t<div class=\"elementor-element elementor-element-f6def4a elementor-widget elementor-widget-text-editor\" data-id=\"f6def4a\" data-element_type=\"widget\" data-widget_type=\"text-editor.default\">\n\t\t\t\t<div class=\"elementor-widget-container\">\n\t\t\t\t\t\t\t<p style=\"text-align: center;\"><strong>Matheus Casali<\/strong> &#8211; Pr\u00e9sident (2021-2023), Responsable Ev\u00e9nements (2023-2024)<\/p>\n<p style=\"text-align: center;\"><strong>Laetitia Schwitter<\/strong> &#8211; Tr\u00e9sori\u00e8re (2022-2023), Vice-pr\u00e9sidente (2023-2024)<\/p>\n<p style=\"text-align: center;\">\u00a0<\/p>\t\t\t\t\t\t<\/div>\n\t\t\t\t<\/div>\n\t\t\t\t\t<\/div>\n\t\t<\/div>\n\t\t\t\t\t<\/div>\n\t\t<\/section>\n\t\t\t\t<\/div>","protected":false},"excerpt":{"rendered":"<p>Nos anciens comit\u00e9s Comit\u00e9 2024-2025 Aristide Andrikopoulos &#8211; Copr\u00e9sident Linkai Dai &#8211; Secr\u00e9taire G\u00e9n\u00e9ral Julien D\u00e9lez &#8211; Responsable Sponsoring Lucie Zhou &#8211; Responsable Ev\u00e9nements Hugo &hellip;<\/p>","protected":false},"author":1,"featured_media":0,"parent":0,"menu_order":0,"comment_status":"closed","ping_status":"closed","template":"","meta":{"ngg_post_thumbnail":0,"footnotes":""},"class_list":["post-2463","page","type-page","status-publish","hentry"],"_links":{"self":[{"href":"https:\/\/musical.epfl.ch\/fr\/wp-json\/wp\/v2\/pages\/2463","targetHints":{"allow":["GET"]}}],"collection":[{"href":"https:\/\/musical.epfl.ch\/fr\/wp-json\/wp\/v2\/pages"}],"about":[{"href":"https:\/\/musical.epfl.ch\/fr\/wp-json\/wp\/v2\/types\/page"}],"author":[{"embeddable":true,"href":"https:\/\/musical.epfl.ch\/fr\/wp-json\/wp\/v2\/users\/1"}],"replies":[{"embeddable":true,"href":"https:\/\/musical.epfl.ch\/fr\/wp-json\/wp\/v2\/comments?post=2463"}],"version-history":[{"count":7,"href":"https:\/\/musical.epfl.ch\/fr\/wp-json\/wp\/v2\/pages\/2463\/revisions"}],"predecessor-version":[{"id":2484,"href":"https:\/\/musical.epfl.ch\/fr\/wp-json\/wp\/v2\/pages\/2463\/revisions\/2484"}],"wp:attachment":[{"href":"https:\/\/musical.epfl.ch\/fr\/wp-json\/wp\/v2\/media?parent=2463"}],"curies":[{"name":"wp","href":"https:\/\/api.w.org\/{rel}","templated":true}]}}