{"id":265,"date":"2017-09-27T13:24:49","date_gmt":"2017-09-27T13:24:49","guid":{"rendered":"http:\/\/musical.epfl.ch\/?page_id=265"},"modified":"2024-11-10T20:15:32","modified_gmt":"2024-11-10T20:15:32","slug":"local","status":"publish","type":"page","link":"https:\/\/musical.epfl.ch\/fr\/local\/","title":{"rendered":"Local"},"content":{"rendered":"<div data-elementor-type=\"wp-page\" data-elementor-id=\"265\" class=\"elementor elementor-265\">\n\t\t\t\t\t\t<section class=\"elementor-section elementor-top-section elementor-element elementor-element-875c06e elementor-section-boxed elementor-section-height-default elementor-section-height-default\" data-id=\"875c06e\" data-element_type=\"section\">\n\t\t\t\t\t\t<div class=\"elementor-container elementor-column-gap-default\">\n\t\t\t\t\t<div class=\"elementor-column elementor-col-100 elementor-top-column elementor-element elementor-element-13c7365\" data-id=\"13c7365\" data-element_type=\"column\">\n\t\t\t<div class=\"elementor-widget-wrap elementor-element-populated\">\n\t\t\t\t\t\t<div class=\"elementor-element elementor-element-8fc017e cpel-switcher--align-right cpel-switcher--layout-horizontal cpel-switcher--aspect-ratio-43 elementor-widget elementor-widget-polylang-language-switcher\" data-id=\"8fc017e\" data-element_type=\"widget\" data-widget_type=\"polylang-language-switcher.default\">\n\t\t\t\t<div class=\"elementor-widget-container\">\n\t\t\t<nav class=\"cpel-switcher__nav\"><ul class=\"cpel-switcher__list\"><li class=\"cpel-switcher__lang\"><a lang=\"en-GB\" hreflang=\"en-GB\" href=\"https:\/\/musical.epfl.ch\/en\/home\/\"><span class=\"cpel-switcher__flag cpel-switcher__flag--gb\"><img decoding=\"async\" src=\"data:image\/svg+xml;utf8,%3Csvg width='21' height='15' xmlns='http:\/\/www.w3.org\/2000\/svg'%3E%3Cdefs%3E%3ClinearGradient x1='50%' y1='0%' x2='50%' y2='100%' id='a'%3E%3Cstop stop-color='%23FFF' offset='0%'\/%3E%3Cstop stop-color='%23F0F0F0' offset='100%'\/%3E%3C\/linearGradient%3E%3ClinearGradient x1='50%' y1='0%' x2='50%' y2='100%' id='b'%3E%3Cstop stop-color='%230A17A7' offset='0%'\/%3E%3Cstop stop-color='%23030E88' offset='100%'\/%3E%3C\/linearGradient%3E%3ClinearGradient x1='50%' y1='0%' x2='50%' y2='100%' id='c'%3E%3Cstop stop-color='%23E6273E' offset='0%'\/%3E%3Cstop stop-color='%23CF152B' offset='100%'\/%3E%3C\/linearGradient%3E%3C\/defs%3E%3Cg fill='none' fill-rule='evenodd'%3E%3Cpath fill='url(%23a)' d='M0 0h21v15H0z'\/%3E%3Cpath fill='url(%23b)' d='M-.002 0h21v15h-21z'\/%3E%3Cpath d='M5.003 10H-.002V5h5.005L-2.082.22l1.118-1.657 8.962 6.045V-1h5v5.608l8.962-6.045L23.078.22 15.993 5h5.005v5h-5.005l7.085 4.78-1.118 1.657-8.962-6.045V16h-5v-5.608l-8.962 6.045-1.118-1.658L5.003 10z' fill='url(%23a)'\/%3E%3Cpath d='M14.136 4.958l9.5-6.25a.25.25 0 00-.275-.417l-9.5 6.25a.25.25 0 10.275.417zm.732 5.522l8.515 5.74a.25.25 0 10.28-.415l-8.516-5.74a.25.25 0 00-.279.415zM6.142 4.526L-2.74-1.461a.25.25 0 00-.28.415L5.863 4.94a.25.25 0 00.279-.414zm.685 5.469l-9.845 6.53a.25.25 0 10.276.416l9.846-6.529a.25.25 0 00-.277-.417z' fill='%23DB1F35' fill-rule='nonzero'\/%3E%3Cpath fill='url(%23c)' d='M-.002 9h9v6h3V9h9V6h-9V0h-3v6h-9z'\/%3E%3C\/g%3E%3C\/svg%3E\" alt=\"English\" \/><\/span><span class=\"cpel-switcher__name\">English<\/span><\/a><\/li><\/ul><\/nav>\t\t<\/div>\n\t\t\t\t<\/div>\n\t\t\t\t\t<\/div>\n\t\t<\/div>\n\t\t\t\t\t<\/div>\n\t\t<\/section>\n\t\t\t\t<section class=\"elementor-section elementor-top-section elementor-element elementor-element-de5d642 elementor-section-boxed elementor-section-height-default elementor-section-height-default\" data-id=\"de5d642\" data-element_type=\"section\">\n\t\t\t\t\t\t<div class=\"elementor-container elementor-column-gap-default\">\n\t\t\t\t\t<div class=\"elementor-column elementor-col-50 elementor-top-column elementor-element elementor-element-2e22fd5\" data-id=\"2e22fd5\" data-element_type=\"column\">\n\t\t\t<div class=\"elementor-widget-wrap elementor-element-populated\">\n\t\t\t\t\t\t<div class=\"elementor-element elementor-element-cbb514d elementor-widget elementor-widget-text-editor\" data-id=\"cbb514d\" data-element_type=\"widget\" data-widget_type=\"text-editor.default\">\n\t\t\t\t<div class=\"elementor-widget-container\">\n\t\t\t<style>\/*! elementor - v3.21.0 - 18-04-2024 *\/\n.elementor-widget-text-editor.elementor-drop-cap-view-stacked .elementor-drop-cap{background-color:#69727d;color:#fff}.elementor-widget-text-editor.elementor-drop-cap-view-framed .elementor-drop-cap{color:#69727d;border:3px solid;background-color:transparent}.elementor-widget-text-editor:not(.elementor-drop-cap-view-default) .elementor-drop-cap{margin-top:8px}.elementor-widget-text-editor:not(.elementor-drop-cap-view-default) .elementor-drop-cap-letter{width:1em;height:1em}.elementor-widget-text-editor .elementor-drop-cap{float:left;text-align:center;line-height:1;font-size:50px}.elementor-widget-text-editor .elementor-drop-cap-letter{display:inline-block}<\/style>\t\t\t\t<p>Le comit\u00e9 MUSICAL met \u00e0 votre disposition un <strong>local de r\u00e9p\u00e9tition enti\u00e8rement \u00e9quip\u00e9<\/strong>, et m\u00e9ticuleusement d\u00e9cor\u00e9 dans un style psych\u00e9 \u2014 le tout sur le campus, \u00e0 un prix imbattable.<\/p>\n<p>La batterie DW, le piano Nord Stage, la collection de guitares et de basses avec leurs amplis, les micros et la table de mix n&#8217;attendent que vous !<\/p>\t\t\t\t\t\t<\/div>\n\t\t\t\t<\/div>\n\t\t\t\t<div class=\"elementor-element elementor-element-cac0215 elementor-widget elementor-widget-text-editor\" data-id=\"cac0215\" data-element_type=\"widget\" data-widget_type=\"text-editor.default\">\n\t\t\t\t<div class=\"elementor-widget-container\">\n\t\t\t\t\t\t\t<p><strong>Pour en savoir plus :<\/strong><\/p><p>\u2799 <a href=\"https:\/\/musical.epfl.ch\/fr\/local\/cotisation\/\">Cotisation<\/a> pour conna\u00eetre les prix et conditions d&#8217;utilisation du local.<\/p><p>\u2799 <a href=\"https:\/\/musical.epfl.ch\/fr\/local\/reservations\/\">R\u00e9servations<\/a> afin de r\u00e9server le local une fois que vous \u00eates abonn\u00e9\u00b7e\u00b7s.<\/p>\t\t\t\t\t\t<\/div>\n\t\t\t\t<\/div>\n\t\t\t\t\t<\/div>\n\t\t<\/div>\n\t\t\t\t<div class=\"elementor-column elementor-col-50 elementor-top-column elementor-element elementor-element-90c3ced\" data-id=\"90c3ced\" data-element_type=\"column\">\n\t\t\t<div class=\"elementor-widget-wrap elementor-element-populated\">\n\t\t\t\t\t\t<div class=\"elementor-element elementor-element-ca199e6 elementor-widget elementor-widget-image\" data-id=\"ca199e6\" data-element_type=\"widget\" data-widget_type=\"image.default\">\n\t\t\t\t<div class=\"elementor-widget-container\">\n\t\t\t<style>\/*! elementor - v3.21.0 - 18-04-2024 *\/\n.elementor-widget-image{text-align:center}.elementor-widget-image a{display:inline-block}.elementor-widget-image a img[src$=\".svg\"]{width:48px}.elementor-widget-image img{vertical-align:middle;display:inline-block}<\/style>\t\t\t\t\t\t\t\t\t\t<img fetchpriority=\"high\" decoding=\"async\" width=\"1024\" height=\"719\" src=\"https:\/\/musical.epfl.ch\/wp-content\/uploads\/2017\/09\/29744790_10156341448817164_3967525271356165447_o.jpg\" class=\"attachment-large size-large wp-image-493\" alt=\"\" \/>\t\t\t\t\t\t\t\t\t\t\t\t\t<\/div>\n\t\t\t\t<\/div>\n\t\t\t\t\t<\/div>\n\t\t<\/div>\n\t\t\t\t\t<\/div>\n\t\t<\/section>\n\t\t\t\t<section class=\"elementor-section elementor-top-section elementor-element elementor-element-0ac7ee3 elementor-section-boxed elementor-section-height-default elementor-section-height-default\" data-id=\"0ac7ee3\" data-element_type=\"section\">\n\t\t\t\t\t\t<div class=\"elementor-container elementor-column-gap-default\">\n\t\t\t\t\t<div class=\"elementor-column elementor-col-33 elementor-top-column elementor-element elementor-element-68e3c58\" data-id=\"68e3c58\" data-element_type=\"column\">\n\t\t\t<div class=\"elementor-widget-wrap elementor-element-populated\">\n\t\t\t\t\t\t<div class=\"elementor-element elementor-element-8d0d942 elementor-widget elementor-widget-google_maps\" data-id=\"8d0d942\" data-element_type=\"widget\" data-widget_type=\"google_maps.default\">\n\t\t\t\t<div class=\"elementor-widget-container\">\n\t\t\t<style>\/*! elementor - v3.21.0 - 18-04-2024 *\/\n.elementor-widget-google_maps .elementor-widget-container{overflow:hidden}.elementor-widget-google_maps .elementor-custom-embed{line-height:0}.elementor-widget-google_maps iframe{height:300px}<\/style>\t\t<div class=\"elementor-custom-embed\">\n\t\t\t<iframe loading=\"lazy\"\n\t\t\t\t\tsrc=\"https:\/\/maps.google.com\/maps?q=46.519886743431165%2C%206.566357637544196&#038;t=m&#038;z=18&#038;output=embed&#038;iwloc=near\"\n\t\t\t\t\ttitle=\"46.519886743431165, 6.566357637544196\"\n\t\t\t\t\taria-label=\"46.519886743431165, 6.566357637544196\"\n\t\t\t><\/iframe>\n\t\t<\/div>\n\t\t\t\t<\/div>\n\t\t\t\t<\/div>\n\t\t\t\t\t<\/div>\n\t\t<\/div>\n\t\t\t\t<div class=\"elementor-column elementor-col-66 elementor-top-column elementor-element elementor-element-e98623e\" data-id=\"e98623e\" data-element_type=\"column\">\n\t\t\t<div class=\"elementor-widget-wrap elementor-element-populated\">\n\t\t\t\t\t\t<div class=\"elementor-element elementor-element-34cc313 elementor-widget elementor-widget-text-editor\" data-id=\"34cc313\" data-element_type=\"widget\" data-widget_type=\"text-editor.default\">\n\t\t\t\t<div class=\"elementor-widget-container\">\n\t\t\t\t\t\t\t<p><span style=\"font-family: Roboto, sans-serif; font-size: 16px; font-style: normal; font-variant-ligatures: normal; font-variant-caps: normal; font-weight: 400;\">Le local est situ\u00e9\u00a0<\/span><span style=\"font-style: normal; font-variant-ligatures: normal; font-variant-caps: normal; font-weight: bold; font-size: 16px; font-family: Roboto, sans-serif;\">sur le campus<\/span><span style=\"font-family: Roboto, sans-serif; font-size: 16px; font-style: normal; font-variant-ligatures: normal; font-variant-caps: normal; font-weight: 400;\">\u00a0<a href=\"http:\/\/plan.epfl.ch\/?room=PL%20PA-1%2001.1\">sous le parking de l&#8217;Esplanade<\/a> \u2014 vous pourrez monter le son au max\u00a0\ud83d\udde3\ufe0f sans d\u00e9ranger les cours dans les b\u00e2timents alentours. 2 rampes d&#8217;acc\u00e8s vous y m\u00e8nent \u2014 une premi\u00e8re qui descend depuis la route des Noyerettes, juste avant l&#8217;entr\u00e9e au parking ; et une porte depuis le niveau -1 du parking de l&#8217;Esplanade.<\/span><\/p>\t\t\t\t\t\t<\/div>\n\t\t\t\t<\/div>\n\t\t\t\t<div class=\"elementor-element elementor-element-1b5c57b elementor-widget elementor-widget-text-editor\" data-id=\"1b5c57b\" data-element_type=\"widget\" data-widget_type=\"text-editor.default\">\n\t\t\t\t<div class=\"elementor-widget-container\">\n\t\t\t\t\t\t\t<p><strong><span style=\"text-decoration: underline;\">Note importante :<\/span><\/strong>\u00a0L&#8217;EPFL d\u00e9bute les travaux de construction du nouveau b\u00e2timent de l&#8217;Esplanade en d\u00e9but 2025, ce qui implique que <strong>le pr\u00e9sent local<\/strong> ne sera plus accessible. Le comit\u00e9 d\u00e9placera donc le local <strong>dans le sous-sol sous l&#8217;Agora<\/strong>, la salle ne sera pas accessible pendant quelques semaines aux environs de l&#8217;intersemestre de f\u00e9vrier.<\/p>\t\t\t\t\t\t<\/div>\n\t\t\t\t<\/div>\n\t\t\t\t\t<\/div>\n\t\t<\/div>\n\t\t\t\t\t<\/div>\n\t\t<\/section>\n\t\t\t\t<section class=\"elementor-section elementor-top-section elementor-element elementor-element-0e5e6b6 elementor-section-boxed elementor-section-height-default elementor-section-height-default\" data-id=\"0e5e6b6\" data-element_type=\"section\">\n\t\t\t\t\t\t<div class=\"elementor-container elementor-column-gap-default\">\n\t\t\t\t\t<div class=\"elementor-column elementor-col-100 elementor-top-column elementor-element elementor-element-eb494f9\" data-id=\"eb494f9\" data-element_type=\"column\">\n\t\t\t<div class=\"elementor-widget-wrap elementor-element-populated\">\n\t\t\t\t\t\t<div class=\"elementor-element elementor-element-8dd8a59 elementor-widget elementor-widget-text-editor\" data-id=\"8dd8a59\" data-element_type=\"widget\" data-widget_type=\"text-editor.default\">\n\t\t\t\t<div class=\"elementor-widget-container\">\n\t\t\t\t\t\t\t<p><span style=\"font-family: Roboto, sans-serif; font-size: 16px; font-style: normal; font-variant-ligatures: normal; font-variant-caps: normal; font-weight: 400;\"><style>#jtg-980 .modula-item .jtg-social a, .lightbox-socials.jtg-social a{ color: #ffffff }#jtg-980 .modula-item .jtg-social svg, .lightbox-socials.jtg-social svg { height: 16px; width: 16px }#jtg-980 .modula-item .jtg-social a:not(:last-child), .lightbox-socials.jtg-social a:not(:last-child) { margin-right: 10px }#jtg-980 .modula-item .figc {color:#ffffff;}#jtg-980 .modula-item .modula-item-content { transform: scale(1) }#jtg-980 { width:100%;}#jtg-980 .modula-items{height:600px;}@media screen and (max-width: 992px) {#jtg-980 .modula-items{height:600px;}}@media screen and (max-width: 768px) {#jtg-980 .modula-items{height:400px;}}#jtg-980 .modula-items .figc p.description { font-size:14px; }#jtg-980 .modula-items .figc p.description { color:#ffffff;}#jtg-980.modula-gallery .modula-item > a, #jtg-980.modula-gallery .modula-item, #jtg-980.modula-gallery .modula-item-content > a:not(.modula-no-follow) { cursor:zoom-in; } #jtg-980.modula-gallery .modula-item-content .modula-no-follow { cursor: default; } @media screen and (max-width:480px){#jtg-980 .modula-item .figc .jtg-title {  font-size: 12px; }#jtg-980 .modula-items .figc p.description { color:#ffffff;font-size:10px; }}<\/style>\n<!-- Gallery Container -->\r\n<div  id=\"jtg-980\" class=\"modula modula-gallery modula-creative-gallery\" data-config=\"{&quot;height&quot;:600,&quot;tabletHeight&quot;:600,&quot;mobileHeight&quot;:400,&quot;desktopHeight&quot;:600,&quot;enableTwitter&quot;:false,&quot;enableWhatsapp&quot;:false,&quot;enableFacebook&quot;:false,&quot;enablePinterest&quot;:false,&quot;enableLinkedin&quot;:false,&quot;enableEmail&quot;:false,&quot;randomFactor&quot;:0.5,&quot;type&quot;:&quot;creative-gallery&quot;,&quot;columns&quot;:12,&quot;gutter&quot;:10,&quot;mobileGutter&quot;:10,&quot;tabletGutter&quot;:10,&quot;desktopGutter&quot;:10,&quot;enableResponsive&quot;:&quot;0&quot;,&quot;tabletColumns&quot;:2,&quot;mobileColumns&quot;:1,&quot;lazyLoad&quot;:&quot;0&quot;,&quot;lightboxOpts&quot;:{&quot;loop&quot;:false,&quot;arrows&quot;:true,&quot;toolbar&quot;:true,&quot;keyboard&quot;:true,&quot;wheel&quot;:false,&quot;buttons&quot;:[&quot;close&quot;],&quot;hash&quot;:false,&quot;lang&quot;:&quot;en&quot;,&quot;touch&quot;:false,&quot;protect&quot;:false,&quot;i18n&quot;:{&quot;en&quot;:{&quot;CLOSE&quot;:&quot;Close&quot;,&quot;NEXT&quot;:&quot;Suivant&quot;,&quot;PREV&quot;:&quot;Pr\\u00e9c\\u00e9dent&quot;,&quot;Error&quot;:&quot;The requested content cannot be loaded. Please try again later.&quot;,&quot;PLAY_START&quot;:&quot;Start slideshow&quot;,&quot;PLAY_STOP&quot;:&quot;Pause slideshow&quot;,&quot;FULL_SCREEN&quot;:&quot;Full screen&quot;,&quot;THUMBS&quot;:&quot;Thumbnails&quot;,&quot;DOWNLOAD&quot;:&quot;Download&quot;,&quot;SHARE&quot;:&quot;Share&quot;,&quot;ZOOM&quot;:&quot;Zoom&quot;}},&quot;clickSlide&quot;:false,&quot;clickOutside&quot;:false,&quot;dblclickContent&quot;:false,&quot;dblclickSlide&quot;:false,&quot;dblclickOutside&quot;:false,&quot;clickContent&quot;:false,&quot;baseTpl&quot;:&quot;&lt;div class=\\&quot;modula-fancybox-container modula-lightbox-jtg-980\\&quot; role=\\&quot;dialog\\&quot; tabindex=\\&quot;-1\\&quot;&gt;&lt;div class=\\&quot;modula-fancybox-bg\\&quot;&gt;&lt;\\\/div&gt;&lt;div class=\\&quot;modula-fancybox-inner\\&quot;&gt;&lt;div class=\\&quot;modula-fancybox-infobar\\&quot;&gt;&lt;span data-fancybox-index&gt;&lt;\\\/span&gt;&nbsp;\\\/&nbsp;&lt;span data-fancybox-count&gt;&lt;\\\/span&gt;&lt;\\\/div&gt;&lt;div class=\\&quot;modula-fancybox-toolbar\\&quot;&gt;{{buttons}}&lt;\\\/div&gt;&lt;div class=\\&quot;modula-fancybox-navigation\\&quot;&gt;{{arrows}}&lt;\\\/div&gt;&lt;div class=\\&quot;modula-fancybox-stage\\&quot;&gt;&lt;\\\/div&gt;&lt;div class=\\&quot;modula-fancybox-caption\\&quot;&gt;&lt;div class=\\&quot;modula-fancybox-caption__body\\&quot;&gt;&lt;\\\/div&gt;&lt;\\\/div&gt;&lt;\\\/div&gt;&lt;\\\/div&gt;&quot;},&quot;inView&quot;:false,&quot;email_subject&quot;:&quot;Check out this awesome image !!&quot;,&quot;email_message&quot;:&quot;Here is the link to the image : %%image_link%% and this is the link to the gallery : %%gallery_link%%&quot;,&quot;lightbox&quot;:&quot;fancybox&quot;}\">\r\n\r\n\t\r\n\t<!-- Items Container -->\r\n\t<div  class=\"modula-items\">\r\n\t\t<div class=\"modula-item effect-pufrobo\" >\r\n\t<div class=\"modula-item-overlay\"><\/div>\r\n\r\n\t<div class=\"modula-item-content\">\r\n\r\n\t\t\t\t\r\n\t\t\t\t\t<a data-image-id=\"956\" data-elementor-open-lightbox=\"no\" rel=\"jtg-980\" data-caption=\"\" aria-label=\"Open image in lightbox\" role=\"button\" class=\"tile-inner modula-item-link\"><\/a>\r\n\t\t\r\n\t\t<img decoding=\"async\" class=\"pic wp-image-956\"  data-valign=\"middle\" data-halign=\"center\" alt=\"\" data-full=\"https:\/\/musical.epfl.ch\/wp-content\/uploads\/2021\/09\/IMG_5878.jpg\" title=\"\" width=\"2000\" height=\"1500\" src=\"https:\/\/musical.epfl.ch\/wp-content\/uploads\/2021\/09\/IMG_5878.jpg\" data-src=\"https:\/\/musical.epfl.ch\/wp-content\/uploads\/2021\/09\/IMG_5878.jpg\" data-caption=\"\"srcset=\"https:\/\/musical.epfl.ch\/wp-content\/uploads\/2021\/09\/IMG_5878.jpg 2000w, https:\/\/musical.epfl.ch\/wp-content\/uploads\/2021\/09\/IMG_5878-300x225.jpg 300w, https:\/\/musical.epfl.ch\/wp-content\/uploads\/2021\/09\/IMG_5878-1024x768.jpg 1024w, https:\/\/musical.epfl.ch\/wp-content\/uploads\/2021\/09\/IMG_5878-768x576.jpg 768w, https:\/\/musical.epfl.ch\/wp-content\/uploads\/2021\/09\/IMG_5878-1536x1152.jpg 1536w, https:\/\/musical.epfl.ch\/wp-content\/uploads\/2021\/09\/IMG_5878-285x214.jpg 285w\" sizes=\"(max-width: 2000px) 100vw, 2000px\"\" \/>\r\n\t\t<div class=\"figc no-description\">\r\n\t\t\t<div class=\"figc-inner\">\r\n\t\t\t\t\t\t\t\t\t\t\t\t\t\t\t<\/div>\r\n\t\t<\/div>\r\n\r\n\t<\/div>\r\n\r\n<\/div><div class=\"modula-item effect-pufrobo\" >\r\n\t<div class=\"modula-item-overlay\"><\/div>\r\n\r\n\t<div class=\"modula-item-content\">\r\n\r\n\t\t\t\t\r\n\t\t\t\t\t<a data-image-id=\"500\" data-elementor-open-lightbox=\"no\" rel=\"jtg-980\" data-caption=\"\" aria-label=\"Open image in lightbox\" role=\"button\" class=\"tile-inner modula-item-link\"><\/a>\r\n\t\t\r\n\t\t<img decoding=\"async\" class=\"pic wp-image-500\"  data-valign=\"middle\" data-halign=\"center\" alt=\"\" data-full=\"https:\/\/musical.epfl.ch\/wp-content\/uploads\/2017\/09\/IMG_7832.jpg\" title=\"\" width=\"3000\" height=\"2000\" src=\"https:\/\/musical.epfl.ch\/wp-content\/uploads\/2017\/09\/IMG_7832.jpg\" data-src=\"https:\/\/musical.epfl.ch\/wp-content\/uploads\/2017\/09\/IMG_7832.jpg\" data-caption=\"\"srcset=\"https:\/\/musical.epfl.ch\/wp-content\/uploads\/2017\/09\/IMG_7832.jpg 3000w, https:\/\/musical.epfl.ch\/wp-content\/uploads\/2017\/09\/IMG_7832-300x200.jpg 300w, https:\/\/musical.epfl.ch\/wp-content\/uploads\/2017\/09\/IMG_7832-768x512.jpg 768w, https:\/\/musical.epfl.ch\/wp-content\/uploads\/2017\/09\/IMG_7832-1024x683.jpg 1024w, https:\/\/musical.epfl.ch\/wp-content\/uploads\/2017\/09\/IMG_7832-750x500.jpg 750w\" sizes=\"(max-width: 3000px) 100vw, 3000px\"\" \/>\r\n\t\t<div class=\"figc no-description\">\r\n\t\t\t<div class=\"figc-inner\">\r\n\t\t\t\t\t\t\t\t\t\t\t\t\t\t\t<\/div>\r\n\t\t<\/div>\r\n\r\n\t<\/div>\r\n\r\n<\/div>\t\t\r\n\t<\/div>\r\n\r\n\t\r\n\t\r\n\t<script type=\"application\/ld+json\">\r\n\t{\r\n\t\t\"@context\": \"http:\/\/schema.org\",\r\n\t\t\"@type\"   : \"ImageGallery\",\r\n\t\t\"id\"      : \"https:\/\/musical.epfl.ch\/fr\/wp-json\/wp\/v2\/pages\/265\",\r\n\t\t\"url\"     : \"https:\/\/musical.epfl.ch\/fr\/wp-json\/wp\/v2\/pages\/265\"\r\n\t}\r\n\r\n    <\/script>\r\n\r\n\t\r\n<\/div><\/span><\/p>\t\t\t\t\t\t<\/div>\n\t\t\t\t<\/div>\n\t\t\t\t\t<\/div>\n\t\t<\/div>\n\t\t\t\t\t<\/div>\n\t\t<\/section>\n\t\t\t\t<section class=\"elementor-section elementor-top-section elementor-element elementor-element-f6f6434 elementor-section-boxed elementor-section-height-default elementor-section-height-default\" data-id=\"f6f6434\" data-element_type=\"section\">\n\t\t\t\t\t\t<div class=\"elementor-container elementor-column-gap-default\">\n\t\t\t\t\t<div class=\"elementor-column elementor-col-100 elementor-top-column elementor-element elementor-element-5ac3dbb\" data-id=\"5ac3dbb\" data-element_type=\"column\">\n\t\t\t<div class=\"elementor-widget-wrap\">\n\t\t\t\t\t\t\t<\/div>\n\t\t<\/div>\n\t\t\t\t\t<\/div>\n\t\t<\/section>\n\t\t\t\t<\/div>","protected":false},"excerpt":{"rendered":"<p>English Le comit\u00e9 MUSICAL met \u00e0 votre disposition un local de r\u00e9p\u00e9tition enti\u00e8rement \u00e9quip\u00e9, et m\u00e9ticuleusement d\u00e9cor\u00e9 dans un style psych\u00e9 \u2014 le tout sur &hellip;<\/p>","protected":false},"author":1,"featured_media":0,"parent":0,"menu_order":0,"comment_status":"closed","ping_status":"closed","template":"","meta":{"ngg_post_thumbnail":0,"footnotes":""},"class_list":["post-265","page","type-page","status-publish","hentry"],"_links":{"self":[{"href":"https:\/\/musical.epfl.ch\/fr\/wp-json\/wp\/v2\/pages\/265","targetHints":{"allow":["GET"]}}],"collection":[{"href":"https:\/\/musical.epfl.ch\/fr\/wp-json\/wp\/v2\/pages"}],"about":[{"href":"https:\/\/musical.epfl.ch\/fr\/wp-json\/wp\/v2\/types\/page"}],"author":[{"embeddable":true,"href":"https:\/\/musical.epfl.ch\/fr\/wp-json\/wp\/v2\/users\/1"}],"replies":[{"embeddable":true,"href":"https:\/\/musical.epfl.ch\/fr\/wp-json\/wp\/v2\/comments?post=265"}],"version-history":[{"count":87,"href":"https:\/\/musical.epfl.ch\/fr\/wp-json\/wp\/v2\/pages\/265\/revisions"}],"predecessor-version":[{"id":2133,"href":"https:\/\/musical.epfl.ch\/fr\/wp-json\/wp\/v2\/pages\/265\/revisions\/2133"}],"wp:attachment":[{"href":"https:\/\/musical.epfl.ch\/fr\/wp-json\/wp\/v2\/media?parent=265"}],"curies":[{"name":"wp","href":"https:\/\/api.w.org\/{rel}","templated":true}]}}