{"id":309,"date":"2017-10-02T18:14:22","date_gmt":"2017-10-02T18:14:22","guid":{"rendered":"http:\/\/musical.epfl.ch\/?page_id=309"},"modified":"2025-10-07T08:44:35","modified_gmt":"2025-10-07T08:44:35","slug":"big-band","status":"publish","type":"page","link":"https:\/\/musical.epfl.ch\/fr\/big-band\/","title":{"rendered":"EPFL Big Band"},"content":{"rendered":"<div data-elementor-type=\"wp-page\" data-elementor-id=\"309\" class=\"elementor elementor-309\">\n\t\t\t\t\t\t<section class=\"elementor-section elementor-top-section elementor-element elementor-element-afbe6fc elementor-section-boxed elementor-section-height-default elementor-section-height-default\" data-id=\"afbe6fc\" data-element_type=\"section\">\n\t\t\t\t\t\t<div class=\"elementor-container elementor-column-gap-default\">\n\t\t\t\t\t<div class=\"elementor-column elementor-col-100 elementor-top-column elementor-element elementor-element-a957067\" data-id=\"a957067\" data-element_type=\"column\">\n\t\t\t<div class=\"elementor-widget-wrap elementor-element-populated\">\n\t\t\t\t\t\t<div class=\"elementor-element elementor-element-2bd8ba8 cpel-switcher--align-right cpel-switcher--layout-horizontal cpel-switcher--aspect-ratio-43 elementor-widget elementor-widget-polylang-language-switcher\" data-id=\"2bd8ba8\" data-element_type=\"widget\" data-widget_type=\"polylang-language-switcher.default\">\n\t\t\t\t<div class=\"elementor-widget-container\">\n\t\t\t<nav class=\"cpel-switcher__nav\"><ul class=\"cpel-switcher__list\"><li class=\"cpel-switcher__lang\"><a lang=\"en-GB\" hreflang=\"en-GB\" href=\"https:\/\/musical.epfl.ch\/en\/home\/\"><span class=\"cpel-switcher__flag cpel-switcher__flag--gb\"><img decoding=\"async\" src=\"data:image\/svg+xml;utf8,%3Csvg width='21' height='15' xmlns='http:\/\/www.w3.org\/2000\/svg'%3E%3Cdefs%3E%3ClinearGradient x1='50%' y1='0%' x2='50%' y2='100%' id='a'%3E%3Cstop stop-color='%23FFF' offset='0%'\/%3E%3Cstop stop-color='%23F0F0F0' offset='100%'\/%3E%3C\/linearGradient%3E%3ClinearGradient x1='50%' y1='0%' x2='50%' y2='100%' id='b'%3E%3Cstop stop-color='%230A17A7' offset='0%'\/%3E%3Cstop stop-color='%23030E88' offset='100%'\/%3E%3C\/linearGradient%3E%3ClinearGradient x1='50%' y1='0%' x2='50%' y2='100%' id='c'%3E%3Cstop stop-color='%23E6273E' offset='0%'\/%3E%3Cstop stop-color='%23CF152B' offset='100%'\/%3E%3C\/linearGradient%3E%3C\/defs%3E%3Cg fill='none' fill-rule='evenodd'%3E%3Cpath fill='url(%23a)' d='M0 0h21v15H0z'\/%3E%3Cpath fill='url(%23b)' d='M-.002 0h21v15h-21z'\/%3E%3Cpath d='M5.003 10H-.002V5h5.005L-2.082.22l1.118-1.657 8.962 6.045V-1h5v5.608l8.962-6.045L23.078.22 15.993 5h5.005v5h-5.005l7.085 4.78-1.118 1.657-8.962-6.045V16h-5v-5.608l-8.962 6.045-1.118-1.658L5.003 10z' fill='url(%23a)'\/%3E%3Cpath d='M14.136 4.958l9.5-6.25a.25.25 0 00-.275-.417l-9.5 6.25a.25.25 0 10.275.417zm.732 5.522l8.515 5.74a.25.25 0 10.28-.415l-8.516-5.74a.25.25 0 00-.279.415zM6.142 4.526L-2.74-1.461a.25.25 0 00-.28.415L5.863 4.94a.25.25 0 00.279-.414zm.685 5.469l-9.845 6.53a.25.25 0 10.276.416l9.846-6.529a.25.25 0 00-.277-.417z' fill='%23DB1F35' fill-rule='nonzero'\/%3E%3Cpath fill='url(%23c)' d='M-.002 9h9v6h3V9h9V6h-9V0h-3v6h-9z'\/%3E%3C\/g%3E%3C\/svg%3E\" alt=\"English\" \/><\/span><span class=\"cpel-switcher__code\">EN<\/span><\/a><\/li><\/ul><\/nav>\t\t<\/div>\n\t\t\t\t<\/div>\n\t\t\t\t\t<\/div>\n\t\t<\/div>\n\t\t\t\t\t<\/div>\n\t\t<\/section>\n\t\t\t\t<section class=\"elementor-section elementor-top-section elementor-element elementor-element-419dd2d elementor-section-content-middle elementor-section-boxed elementor-section-height-default elementor-section-height-default\" data-id=\"419dd2d\" data-element_type=\"section\">\n\t\t\t\t\t\t<div class=\"elementor-container elementor-column-gap-extended\">\n\t\t\t\t\t<div class=\"elementor-column elementor-col-50 elementor-top-column elementor-element elementor-element-fff6fb1\" data-id=\"fff6fb1\" data-element_type=\"column\">\n\t\t\t<div class=\"elementor-widget-wrap elementor-element-populated\">\n\t\t\t\t\t\t<div class=\"elementor-element elementor-element-91e56b8 elementor-widget elementor-widget-text-editor\" data-id=\"91e56b8\" data-element_type=\"widget\" data-widget_type=\"text-editor.default\">\n\t\t\t\t<div class=\"elementor-widget-container\">\n\t\t\t<style>\/*! elementor - v3.21.0 - 18-04-2024 *\/\n.elementor-widget-text-editor.elementor-drop-cap-view-stacked .elementor-drop-cap{background-color:#69727d;color:#fff}.elementor-widget-text-editor.elementor-drop-cap-view-framed .elementor-drop-cap{color:#69727d;border:3px solid;background-color:transparent}.elementor-widget-text-editor:not(.elementor-drop-cap-view-default) .elementor-drop-cap{margin-top:8px}.elementor-widget-text-editor:not(.elementor-drop-cap-view-default) .elementor-drop-cap-letter{width:1em;height:1em}.elementor-widget-text-editor .elementor-drop-cap{float:left;text-align:center;line-height:1;font-size:50px}.elementor-widget-text-editor .elementor-drop-cap-letter{display:inline-block}<\/style>\t\t\t\t<h2>Rejoins l&#8217;EPFL Big Band !<\/h2><div>Tu es int\u00e9ress\u00e9 \u00e0 rejoindre le Big Band ? Contacte-nous par email (<a href=\"mailto:bigband@epfl.ch\">bigband@epfl.ch<\/a>) ou sur Instagram <a href=\"https:\/\/www.instagram.com\/epflbigband\/\">@epflbigband<\/a> pour plus d&#8217;infos.<\/div><div>Si nous recherchons ton instrument, nous te proposerons de passer une petite audition &#8211; pas de stress, on est gentil !<\/div>\t\t\t\t\t\t<\/div>\n\t\t\t\t<\/div>\n\t\t\t\t\t<\/div>\n\t\t<\/div>\n\t\t\t\t<div class=\"elementor-column elementor-col-50 elementor-top-column elementor-element elementor-element-9d8717d\" data-id=\"9d8717d\" data-element_type=\"column\">\n\t\t\t<div class=\"elementor-widget-wrap elementor-element-populated\">\n\t\t\t\t\t\t<div class=\"elementor-element elementor-element-34a0097 elementor-widget elementor-widget-text-editor\" data-id=\"34a0097\" data-element_type=\"widget\" data-widget_type=\"text-editor.default\">\n\t\t\t\t<div class=\"elementor-widget-container\">\n\t\t\t\t\t\t\t<h4>Notre formation comprend :<\/h4><ul><li>\ud83c\udfb7 Saxophones (alto, t\u00e9nor, baryton)<\/li><li>\ud83c\udfba Trompettes<\/li><li>\ud83c\udfba Trombones<\/li><li><b>\ud83c\udfb8<\/b> Guitare<\/li><li><b>\ud83c\udfb8\u00a0<\/b>Basse<\/li><li>\ud83e\udd41 Batterie<\/li><li>\ud83c\udfb9 Piano<\/li><li>\ud83c\udfa4 Chant<\/li><\/ul>\t\t\t\t\t\t<\/div>\n\t\t\t\t<\/div>\n\t\t\t\t\t<\/div>\n\t\t<\/div>\n\t\t\t\t\t<\/div>\n\t\t<\/section>\n\t\t\t\t<section class=\"elementor-section elementor-top-section elementor-element elementor-element-982f454 elementor-section-content-middle elementor-section-boxed elementor-section-height-default elementor-section-height-default\" data-id=\"982f454\" data-element_type=\"section\">\n\t\t\t\t\t\t<div class=\"elementor-container elementor-column-gap-default\">\n\t\t\t\t\t<div class=\"elementor-column elementor-col-100 elementor-top-column elementor-element elementor-element-a2c0da9\" data-id=\"a2c0da9\" data-element_type=\"column\">\n\t\t\t<div class=\"elementor-widget-wrap elementor-element-populated\">\n\t\t\t\t\t\t<div class=\"elementor-element elementor-element-eee9f1c elementor-widget elementor-widget-text-editor\" data-id=\"eee9f1c\" data-element_type=\"widget\" data-widget_type=\"text-editor.default\">\n\t\t\t\t<div class=\"elementor-widget-container\">\n\t\t\t\t\t\t\t<p style=\"text-align: center;\">Nous r\u00e9p\u00e9tons <b>tous les mardis soir<\/b> de 19h30 \u00e0 21h45, <a href=\"https:\/\/campus.epfl.ch\/map\/showItem?id=ELD+020\">en ELD 020<\/a>.<\/p>\t\t\t\t\t\t<\/div>\n\t\t\t\t<\/div>\n\t\t\t\t\t<\/div>\n\t\t<\/div>\n\t\t\t\t\t<\/div>\n\t\t<\/section>\n\t\t\t\t<section class=\"elementor-section elementor-top-section elementor-element elementor-element-5be4214 elementor-section-content-middle elementor-section-boxed elementor-section-height-default elementor-section-height-default\" data-id=\"5be4214\" data-element_type=\"section\">\n\t\t\t\t\t\t<div class=\"elementor-container elementor-column-gap-default\">\n\t\t\t\t\t<div class=\"elementor-column elementor-col-33 elementor-top-column elementor-element elementor-element-9ab5f55\" data-id=\"9ab5f55\" data-element_type=\"column\">\n\t\t\t<div class=\"elementor-widget-wrap elementor-element-populated\">\n\t\t\t\t\t\t<div class=\"elementor-element elementor-element-074b604 elementor-widget elementor-widget-spacer\" data-id=\"074b604\" data-element_type=\"widget\" data-widget_type=\"spacer.default\">\n\t\t\t\t<div class=\"elementor-widget-container\">\n\t\t\t<style>\/*! elementor - v3.21.0 - 18-04-2024 *\/\n.elementor-column .elementor-spacer-inner{height:var(--spacer-size)}.e-con{--container-widget-width:100%}.e-con-inner>.elementor-widget-spacer,.e-con>.elementor-widget-spacer{width:var(--container-widget-width,var(--spacer-size));--align-self:var(--container-widget-align-self,initial);--flex-shrink:0}.e-con-inner>.elementor-widget-spacer>.elementor-widget-container,.e-con>.elementor-widget-spacer>.elementor-widget-container{height:100%;width:100%}.e-con-inner>.elementor-widget-spacer>.elementor-widget-container>.elementor-spacer,.e-con>.elementor-widget-spacer>.elementor-widget-container>.elementor-spacer{height:100%}.e-con-inner>.elementor-widget-spacer>.elementor-widget-container>.elementor-spacer>.elementor-spacer-inner,.e-con>.elementor-widget-spacer>.elementor-widget-container>.elementor-spacer>.elementor-spacer-inner{height:var(--container-widget-height,var(--spacer-size))}.e-con-inner>.elementor-widget-spacer.elementor-widget-empty,.e-con>.elementor-widget-spacer.elementor-widget-empty{position:relative;min-height:22px;min-width:22px}.e-con-inner>.elementor-widget-spacer.elementor-widget-empty .elementor-widget-empty-icon,.e-con>.elementor-widget-spacer.elementor-widget-empty .elementor-widget-empty-icon{position:absolute;top:0;bottom:0;left:0;right:0;margin:auto;padding:0;width:22px;height:22px}<\/style>\t\t<div class=\"elementor-spacer\">\n\t\t\t<div class=\"elementor-spacer-inner\"><\/div>\n\t\t<\/div>\n\t\t\t\t<\/div>\n\t\t\t\t<\/div>\n\t\t\t\t<div class=\"elementor-element elementor-element-1b2faf6 elementor-widget elementor-widget-image\" data-id=\"1b2faf6\" data-element_type=\"widget\" data-widget_type=\"image.default\">\n\t\t\t\t<div class=\"elementor-widget-container\">\n\t\t\t<style>\/*! elementor - v3.21.0 - 18-04-2024 *\/\n.elementor-widget-image{text-align:center}.elementor-widget-image a{display:inline-block}.elementor-widget-image a img[src$=\".svg\"]{width:48px}.elementor-widget-image img{vertical-align:middle;display:inline-block}<\/style>\t\t\t\t\t\t\t<figure class=\"wp-caption\">\n\t\t\t\t\t\t\t\t\t\t<img fetchpriority=\"high\" decoding=\"async\" width=\"1024\" height=\"683\" src=\"https:\/\/musical.epfl.ch\/wp-content\/uploads\/2023\/01\/EPFL-Big-Band-1024x683.jpg\" class=\"attachment-large size-large wp-image-1396\" alt=\"\" srcset=\"https:\/\/musical.epfl.ch\/wp-content\/uploads\/2023\/01\/EPFL-Big-Band-1024x683.jpg 1024w, https:\/\/musical.epfl.ch\/wp-content\/uploads\/2023\/01\/EPFL-Big-Band-300x200.jpg 300w, https:\/\/musical.epfl.ch\/wp-content\/uploads\/2023\/01\/EPFL-Big-Band-768x512.jpg 768w, https:\/\/musical.epfl.ch\/wp-content\/uploads\/2023\/01\/EPFL-Big-Band-1536x1024.jpg 1536w, https:\/\/musical.epfl.ch\/wp-content\/uploads\/2023\/01\/EPFL-Big-Band-2048x1366.jpg 2048w, https:\/\/musical.epfl.ch\/wp-content\/uploads\/2023\/01\/EPFL-Big-Band-18x12.jpg 18w, https:\/\/musical.epfl.ch\/wp-content\/uploads\/2023\/01\/EPFL-Big-Band-583x389.jpg 583w, https:\/\/musical.epfl.ch\/wp-content\/uploads\/2023\/01\/EPFL-Big-Band-620x413.jpg 620w, https:\/\/musical.epfl.ch\/wp-content\/uploads\/2023\/01\/EPFL-Big-Band-800x533.jpg 800w, https:\/\/musical.epfl.ch\/wp-content\/uploads\/2023\/01\/EPFL-Big-Band-512x341.jpg 512w\" sizes=\"(max-width: 1024px) 100vw, 1024px\" \/>\t\t\t\t\t\t\t\t\t\t\t<figcaption class=\"widget-image-caption wp-caption-text\"><a href=\"https:\/\/www.instagram.com\/roubakaphotography\/\">@roubakaphotography<\/a><\/figcaption>\n\t\t\t\t\t\t\t\t\t\t<\/figure>\n\t\t\t\t\t\t\t<\/div>\n\t\t\t\t<\/div>\n\t\t\t\t\t<\/div>\n\t\t<\/div>\n\t\t\t\t<div class=\"elementor-column elementor-col-66 elementor-top-column elementor-element elementor-element-0901f5d\" data-id=\"0901f5d\" data-element_type=\"column\">\n\t\t\t<div class=\"elementor-widget-wrap elementor-element-populated\">\n\t\t\t\t\t\t<div class=\"elementor-element elementor-element-62ebcb8 elementor-widget elementor-widget-text-editor\" data-id=\"62ebcb8\" data-element_type=\"widget\" data-widget_type=\"text-editor.default\">\n\t\t\t\t<div class=\"elementor-widget-container\">\n\t\t\t\t\t\t\t<h1>Qui sommes-nous ?<\/h1><p>Cr\u00e9\u00e9 en mars 2018, l&#8217;<strong>EPFL Big Band<\/strong> est une formation d&#8217;une vingtaine de musicien\u00b7ne\u00b7s \u00e9tudiant\u00b7e\u00b7s, doctorant\u00b7e\u00b7s ou collaborateur\u00b7ice\u00b7s <strong>des 2 campus universitaires lausannois<\/strong>, amoureux\u00b7ses du jazz. Nous venons compl\u00e9ter le vaste choix d\u2019ensembles musicaux, et notre but est de <strong>promouvoir et encourager l\u2019\u00e9coute et la pratique<\/strong> de cette musique \u2014 sur le campus et au-del\u00e0 des murs universitaires.<\/p>\t\t\t\t\t\t<\/div>\n\t\t\t\t<\/div>\n\t\t\t\t<div class=\"elementor-element elementor-element-0a359fc elementor-widget elementor-widget-text-editor\" data-id=\"0a359fc\" data-element_type=\"widget\" data-widget_type=\"text-editor.default\">\n\t\t\t\t<div class=\"elementor-widget-container\">\n\t\t\t\t\t\t\t<p>Gr\u00e2ce \u00e0 une pratique hebdomadaire assidue sous la direction enthousiaste du 1er trompettiste <strong>Johannes Waibel<\/strong>, la formation dispose aujourd\u2019hui d\u2019un r\u00e9pertoire vari\u00e9, permettant au public d\u2019appr\u00e9cier des standards de George Gershwin, de reconna\u00eetre des classiques de Count Basie ou encore de danser aux rythmes de la Samba br\u00e9silienne. L&#8217;ensemble est aujourd&#8217;hui sous la baguette de <strong>Samuel Urscheler<\/strong>.<\/p>\t\t\t\t\t\t<\/div>\n\t\t\t\t<\/div>\n\t\t\t\t\t<\/div>\n\t\t<\/div>\n\t\t\t\t\t<\/div>\n\t\t<\/section>\n\t\t\t\t<section class=\"elementor-section elementor-top-section elementor-element elementor-element-9805915 elementor-section-full_width elementor-section-height-default elementor-section-height-default\" data-id=\"9805915\" data-element_type=\"section\">\n\t\t\t\t\t\t<div class=\"elementor-container elementor-column-gap-default\">\n\t\t\t\t\t<div class=\"elementor-column elementor-col-33 elementor-top-column elementor-element elementor-element-5728f93\" data-id=\"5728f93\" data-element_type=\"column\">\n\t\t\t<div class=\"elementor-widget-wrap elementor-element-populated\">\n\t\t\t\t\t\t<div class=\"elementor-element elementor-element-41782c0 elementor-widget elementor-widget-video\" data-id=\"41782c0\" data-element_type=\"widget\" data-settings=\"{&quot;youtube_url&quot;:&quot;https:\\\/\\\/www.youtube.com\\\/watch?v=CEKV1i8hcVY&quot;,&quot;video_type&quot;:&quot;youtube&quot;,&quot;controls&quot;:&quot;yes&quot;}\" data-widget_type=\"video.default\">\n\t\t\t\t<div class=\"elementor-widget-container\">\n\t\t\t<style>\/*! elementor - v3.21.0 - 18-04-2024 *\/\n.elementor-widget-video .elementor-widget-container{overflow:hidden;transform:translateZ(0)}.elementor-widget-video .elementor-wrapper{aspect-ratio:var(--video-aspect-ratio)}.elementor-widget-video .elementor-wrapper iframe,.elementor-widget-video .elementor-wrapper video{height:100%;width:100%;display:flex;border:none;background-color:#000}@supports not (aspect-ratio:1\/1){.elementor-widget-video .elementor-wrapper{position:relative;overflow:hidden;height:0;padding-bottom:calc(100% \/ var(--video-aspect-ratio))}.elementor-widget-video .elementor-wrapper iframe,.elementor-widget-video .elementor-wrapper video{position:absolute;top:0;right:0;bottom:0;left:0}}.elementor-widget-video .elementor-open-inline .elementor-custom-embed-image-overlay{position:absolute;top:0;right:0;bottom:0;left:0;background-size:cover;background-position:50%}.elementor-widget-video .elementor-custom-embed-image-overlay{cursor:pointer;text-align:center}.elementor-widget-video .elementor-custom-embed-image-overlay:hover .elementor-custom-embed-play i{opacity:1}.elementor-widget-video .elementor-custom-embed-image-overlay img{display:block;width:100%;aspect-ratio:var(--video-aspect-ratio);-o-object-fit:cover;object-fit:cover;-o-object-position:center center;object-position:center center}@supports not (aspect-ratio:1\/1){.elementor-widget-video .elementor-custom-embed-image-overlay{position:relative;overflow:hidden;height:0;padding-bottom:calc(100% \/ var(--video-aspect-ratio))}.elementor-widget-video .elementor-custom-embed-image-overlay img{position:absolute;top:0;right:0;bottom:0;left:0}}.elementor-widget-video .e-hosted-video .elementor-video{-o-object-fit:cover;object-fit:cover}.e-con-inner>.elementor-widget-video,.e-con>.elementor-widget-video{width:var(--container-widget-width);--flex-grow:var(--container-widget-flex-grow)}<\/style>\t\t<div class=\"elementor-wrapper elementor-open-inline\">\n\t\t\t<div class=\"elementor-video\"><\/div>\t\t<\/div>\n\t\t\t\t<\/div>\n\t\t\t\t<\/div>\n\t\t\t\t\t<\/div>\n\t\t<\/div>\n\t\t\t\t<div class=\"elementor-column elementor-col-33 elementor-top-column elementor-element elementor-element-4d6854f\" data-id=\"4d6854f\" data-element_type=\"column\">\n\t\t\t<div class=\"elementor-widget-wrap elementor-element-populated\">\n\t\t\t\t\t\t<div class=\"elementor-element elementor-element-3884a3e elementor-widget elementor-widget-video\" data-id=\"3884a3e\" data-element_type=\"widget\" data-settings=\"{&quot;youtube_url&quot;:&quot;https:\\\/\\\/youtu.be\\\/EzFLSbX61Y4&quot;,&quot;video_type&quot;:&quot;youtube&quot;,&quot;controls&quot;:&quot;yes&quot;}\" data-widget_type=\"video.default\">\n\t\t\t\t<div class=\"elementor-widget-container\">\n\t\t\t\t\t<div class=\"elementor-wrapper elementor-open-inline\">\n\t\t\t<div class=\"elementor-video\"><\/div>\t\t<\/div>\n\t\t\t\t<\/div>\n\t\t\t\t<\/div>\n\t\t\t\t\t<\/div>\n\t\t<\/div>\n\t\t\t\t<div class=\"elementor-column elementor-col-33 elementor-top-column elementor-element elementor-element-2902b8e\" data-id=\"2902b8e\" data-element_type=\"column\">\n\t\t\t<div class=\"elementor-widget-wrap elementor-element-populated\">\n\t\t\t\t\t\t<div class=\"elementor-element elementor-element-7507a17 elementor-widget elementor-widget-video\" data-id=\"7507a17\" data-element_type=\"widget\" data-settings=\"{&quot;youtube_url&quot;:&quot;https:\\\/\\\/youtu.be\\\/uOCU9oexKU4&quot;,&quot;video_type&quot;:&quot;youtube&quot;,&quot;controls&quot;:&quot;yes&quot;}\" data-widget_type=\"video.default\">\n\t\t\t\t<div class=\"elementor-widget-container\">\n\t\t\t\t\t<div class=\"elementor-wrapper elementor-open-inline\">\n\t\t\t<div class=\"elementor-video\"><\/div>\t\t<\/div>\n\t\t\t\t<\/div>\n\t\t\t\t<\/div>\n\t\t\t\t\t<\/div>\n\t\t<\/div>\n\t\t\t\t\t<\/div>\n\t\t<\/section>\n\t\t\t\t<section class=\"elementor-section elementor-top-section elementor-element elementor-element-4ce1d1f elementor-section-boxed elementor-section-height-default elementor-section-height-default\" data-id=\"4ce1d1f\" data-element_type=\"section\">\n\t\t\t\t\t\t<div class=\"elementor-container elementor-column-gap-default\">\n\t\t\t\t\t<div class=\"elementor-column elementor-col-100 elementor-top-column elementor-element elementor-element-7f18a39\" data-id=\"7f18a39\" data-element_type=\"column\">\n\t\t\t<div class=\"elementor-widget-wrap\">\n\t\t\t\t\t\t\t<\/div>\n\t\t<\/div>\n\t\t\t\t\t<\/div>\n\t\t<\/section>\n\t\t\t\t<\/div>","protected":false},"excerpt":{"rendered":"<p>EN Rejoins l&#8217;EPFL Big Band ! Tu es int\u00e9ress\u00e9 \u00e0 rejoindre le Big Band ? Contacte-nous par email (bigband@epfl.ch) ou sur Instagram @epflbigband pour plus &hellip;<\/p>","protected":false},"author":1,"featured_media":0,"parent":0,"menu_order":0,"comment_status":"closed","ping_status":"closed","template":"","meta":{"ngg_post_thumbnail":0,"footnotes":""},"class_list":["post-309","page","type-page","status-publish","hentry"],"_links":{"self":[{"href":"https:\/\/musical.epfl.ch\/fr\/wp-json\/wp\/v2\/pages\/309","targetHints":{"allow":["GET"]}}],"collection":[{"href":"https:\/\/musical.epfl.ch\/fr\/wp-json\/wp\/v2\/pages"}],"about":[{"href":"https:\/\/musical.epfl.ch\/fr\/wp-json\/wp\/v2\/types\/page"}],"author":[{"embeddable":true,"href":"https:\/\/musical.epfl.ch\/fr\/wp-json\/wp\/v2\/users\/1"}],"replies":[{"embeddable":true,"href":"https:\/\/musical.epfl.ch\/fr\/wp-json\/wp\/v2\/comments?post=309"}],"version-history":[{"count":144,"href":"https:\/\/musical.epfl.ch\/fr\/wp-json\/wp\/v2\/pages\/309\/revisions"}],"predecessor-version":[{"id":2441,"href":"https:\/\/musical.epfl.ch\/fr\/wp-json\/wp\/v2\/pages\/309\/revisions\/2441"}],"wp:attachment":[{"href":"https:\/\/musical.epfl.ch\/fr\/wp-json\/wp\/v2\/media?parent=309"}],"curies":[{"name":"wp","href":"https:\/\/api.w.org\/{rel}","templated":true}]}}